{"id":963,"date":"2021-04-20T21:29:02","date_gmt":"2021-04-20T19:29:02","guid":{"rendered":"https:\/\/ertha.cz\/?page_id=963"},"modified":"2021-04-20T22:25:37","modified_gmt":"2021-04-20T20:25:37","slug":"you-were-there","status":"publish","type":"page","link":"https:\/\/ertha.cz\/gb\/you-were-there\/","title":{"rendered":"You Were There"},"content":{"rendered":"<p>\n<!--StartFragment--><\/p>\n\n\n<p>Hudba: Eyrah, Ertha 2006<br>Text: Eyrah 2004<br>Prvn\u00ed p\u00edsni\u010dka, kter\u00e1 pro\u0161la kompletn\u00ed a drastickou transformac\u00ed z akustick\u00e9ho atmosf\u00e9rick\u00e9ho kusu o kyta\u0159e a zp\u011bvu do metalov\u00e9 podoby. Zat\u00edmco u Voiceless Flute a dal\u0161\u00edch \u0161lo sp\u00ed\u0161 o povrchov\u00e9 \u00fapravy zvuku, tato si z p\u016fvodn\u00ed verze ponechala jen slova.<br>Vyd\u00e1no na EP v roce 2011.<\/p>\n\n\n\n<hr class=\"wp-block-separator\"\/>\n\n\n\n<div style=\"height:40px\" aria-hidden=\"true\" class=\"wp-block-spacer\"><\/div>\n\n\n\n<h4 class=\"wp-block-heading\">Text:<\/h4>\n\n\n\n<p>You were there when the rain was falling,<br>And the sun was carrying all our dears away<br>In vain we were calling \u2018cos they have faded <br>With that cursed day<\/p>\n\n\n\n<p>You were there in that night<br>Like a hero who had failed<br>After a whole lifetime taking fight<br>In his dark-red blood he lied\u2026<\/p>\n\n\n\n<p>In the grace you them have given<br>In your light like guarded in the night by stars<br>These tears once forbidden to the crying hearts<br>For forever have they dried<\/p>\n\n\n\n<p>In the grace of the kings<br>They all have been buried   <br>And is fool who thinks<br>In their minds he can read\u2026<\/p>\n\n\n\n<p>In your dreams <br>You were there<br>With them all <br>In their pain<br>Swallowing their cry, <br>Carrying their fall,<br>Bleeding their hearts\u2026<\/p>\n\n\n\n<p>Losing their war\u2026<\/p>\n\n\n\n<div style=\"height:20px\" aria-hidden=\"true\" class=\"wp-block-spacer\"><\/div>\n\n\n\n<p><a href=\"https:\/\/ertha.cz\/hudba\/\" data-type=\"link\" data-id=\"https:\/\/ertha.cz\/hudba\/\">zp\u011bt<\/a><\/p>\n","protected":false},"excerpt":{"rendered":"<div class=\"mh-excerpt\"><p>Hudba: Eyrah, Ertha 2006Text: Eyrah 2004Prvn\u00ed p\u00edsni\u010dka, kter\u00e1 pro\u0161la kompletn\u00ed a drastickou transformac\u00ed z akustick\u00e9ho atmosf\u00e9rick\u00e9ho kusu o kyta\u0159e a zp\u011bvu do metalov\u00e9 podoby. Zat\u00edmco <a class=\"mh-excerpt-more\" href=\"https:\/\/ertha.cz\/gb\/you-were-there\/\" title=\"You Were There\">[&#8230;]<\/a><\/p>\n<\/div>","protected":false},"author":3,"featured_media":0,"parent":0,"menu_order":0,"comment_status":"closed","ping_status":"closed","template":"","meta":{"footnotes":""},"translation":{"provider":"WPGlobus","version":"2.12.2","language":"gb","enabled_languages":["cz","gb"],"languages":{"cz":{"title":true,"content":true,"excerpt":false},"gb":{"title":false,"content":false,"excerpt":false}}},"_links":{"self":[{"href":"https:\/\/ertha.cz\/gb\/wp-json\/wp\/v2\/pages\/963"}],"collection":[{"href":"https:\/\/ertha.cz\/gb\/wp-json\/wp\/v2\/pages"}],"about":[{"href":"https:\/\/ertha.cz\/gb\/wp-json\/wp\/v2\/types\/page"}],"author":[{"embeddable":true,"href":"https:\/\/ertha.cz\/gb\/wp-json\/wp\/v2\/users\/3"}],"replies":[{"embeddable":true,"href":"https:\/\/ertha.cz\/gb\/wp-json\/wp\/v2\/comments?post=963"}],"version-history":[{"count":3,"href":"https:\/\/ertha.cz\/gb\/wp-json\/wp\/v2\/pages\/963\/revisions"}],"predecessor-version":[{"id":1027,"href":"https:\/\/ertha.cz\/gb\/wp-json\/wp\/v2\/pages\/963\/revisions\/1027"}],"wp:attachment":[{"href":"https:\/\/ertha.cz\/gb\/wp-json\/wp\/v2\/media?parent=963"}],"curies":[{"name":"wp","href":"https:\/\/api.w.org\/{rel}","templated":true}]}}