{"id":961,"date":"2021-04-20T21:25:41","date_gmt":"2021-04-20T19:25:41","guid":{"rendered":"https:\/\/ertha.cz\/?page_id=961"},"modified":"2021-04-20T22:24:43","modified_gmt":"2021-04-20T20:24:43","slug":"where-the-wolves-are","status":"publish","type":"page","link":"https:\/\/ertha.cz\/gb\/where-the-wolves-are\/","title":{"rendered":"Where the Wolves Are"},"content":{"rendered":"\n<p>Hudba: Eyrah, Ertha 2007<br>Text: Eyrah, Ereis 2010<br>Tango proklet\u00fdch inspirovan\u00e9 po\u010d\u00edta\u010dovou hrou Gothic. K textu existuje \u0159ada d\u00edl\u010d\u00edch podvratn\u00fdch verz\u00ed jako <em>you come to this world as a lamp<\/em> \u010di <em>hunting howl of hungry hooves<\/em>.<\/p>\n\n\n\n<hr class=\"wp-block-separator\"\/>\n\n\n\n<div style=\"height:40px\" aria-hidden=\"true\" class=\"wp-block-spacer\"><\/div>\n\n\n\n<h4 class=\"wp-block-heading\">Text:<\/h4>\n\n\n\n<p><em>You come to this world as a lamb<br> you know nothing about the role<br> that you have been given in this terrible play<br> will you be the hunter or the prey?<\/em><\/p>\n\n\n\n<p>Welcome, my child,<br>Please look into my eyes<br>I want to be delighted by your light<br>Falling from the grace\/<em>Come to my embrace<\/em><br>Carrying angels&#8217; face<\/p>\n\n\n\n<p>So you&#8217;re here\u2026<\/p>\n\n\n\n<p>I really wonder why such a goodness came to my heart!<\/p>\n\n\n\n<p><em>Once, we all were good\u2026<br>               sons and daughters of happiness<br>                but that day when our Lord told us: Go!<br>                we got lost in the paradise of desire\u2026<\/em><\/p>\n\n\n\n<p>Now close your eyes, let me lead you through the loneliness of our time<br> Please don\u00b4t cry, I\u00b4ll take you home, I promise,<br> I will show you where the wolves are\u2026<\/p>\n\n\n\n<p> Come, come to me, my angel, under my shield,  <br> Don\u00b4t worry, I will take care of you,<br> I\u00b4ll pray for your innocence, <br> I\u00b4ll be your guardian\u2026<\/p>\n\n\n\n<p>Forget the light of the sun and the silver moon<br> There are no stars for the cursed!<\/p>\n\n\n\n<p>One day maybe you\u00b4ll understand \/ <em>Come to me!<\/em><br> That all what I have  \/ <em>Belong to me!<\/em><br> done\u2026 \/ <em>Dance for me!<\/em><br> I did for you \/ <em>Feel for me!<\/em><\/p>\n\n\n\n<p>Dance with us through the night<br> Warm our souls and fill your heart with cold desire<br> Hunting howl of hungry wolves<br> Piercing the dark shows what we are.<\/p>\n\n\n\n<div style=\"height:20px\" aria-hidden=\"true\" class=\"wp-block-spacer\"><\/div>\n\n\n\n<p><a href=\"https:\/\/ertha.cz\/hudba\/\" data-type=\"link\" data-id=\"https:\/\/ertha.cz\/hudba\/\">zp\u011bt<\/a><\/p>\n","protected":false},"excerpt":{"rendered":"<div class=\"mh-excerpt\"><p>Hudba: Eyrah, Ertha 2007Text: Eyrah, Ereis 2010Tango proklet\u00fdch inspirovan\u00e9 po\u010d\u00edta\u010dovou hrou Gothic. K textu existuje \u0159ada d\u00edl\u010d\u00edch podvratn\u00fdch verz\u00ed jako you come to this world <a class=\"mh-excerpt-more\" href=\"https:\/\/ertha.cz\/gb\/where-the-wolves-are\/\" title=\"Where the Wolves Are\">[&#8230;]<\/a><\/p>\n<\/div>","protected":false},"author":3,"featured_media":0,"parent":0,"menu_order":0,"comment_status":"closed","ping_status":"closed","template":"","meta":{"footnotes":""},"translation":{"provider":"WPGlobus","version":"2.12.2","language":"gb","enabled_languages":["cz","gb"],"languages":{"cz":{"title":true,"content":true,"excerpt":false},"gb":{"title":false,"content":false,"excerpt":false}}},"_links":{"self":[{"href":"https:\/\/ertha.cz\/gb\/wp-json\/wp\/v2\/pages\/961"}],"collection":[{"href":"https:\/\/ertha.cz\/gb\/wp-json\/wp\/v2\/pages"}],"about":[{"href":"https:\/\/ertha.cz\/gb\/wp-json\/wp\/v2\/types\/page"}],"author":[{"embeddable":true,"href":"https:\/\/ertha.cz\/gb\/wp-json\/wp\/v2\/users\/3"}],"replies":[{"embeddable":true,"href":"https:\/\/ertha.cz\/gb\/wp-json\/wp\/v2\/comments?post=961"}],"version-history":[{"count":4,"href":"https:\/\/ertha.cz\/gb\/wp-json\/wp\/v2\/pages\/961\/revisions"}],"predecessor-version":[{"id":1026,"href":"https:\/\/ertha.cz\/gb\/wp-json\/wp\/v2\/pages\/961\/revisions\/1026"}],"wp:attachment":[{"href":"https:\/\/ertha.cz\/gb\/wp-json\/wp\/v2\/media?parent=961"}],"curies":[{"name":"wp","href":"https:\/\/api.w.org\/{rel}","templated":true}]}}