{"id":959,"date":"2021-04-20T21:17:43","date_gmt":"2021-04-20T19:17:43","guid":{"rendered":"https:\/\/ertha.cz\/?page_id=959"},"modified":"2021-04-20T22:24:17","modified_gmt":"2021-04-20T20:24:17","slug":"voiceless-flute","status":"publish","type":"page","link":"https:\/\/ertha.cz\/gb\/voiceless-flute\/","title":{"rendered":"Voiceless Flute"},"content":{"rendered":"\n<p>Hudba: Eyrah, Ertha 2006<br> Text: Eyrah 2005<br> To jsme tak jednou cht\u011bli napsat n\u011bjakou norm\u00e1ln\u00ed baladu.<br> Vyd\u00e1no na EP v roce 2011.<\/p>\n\n\n\n<hr class=\"wp-block-separator\"\/>\n\n\n\n<div style=\"height:40px\" aria-hidden=\"true\" class=\"wp-block-spacer\"><\/div>\n\n\n\n<h4 class=\"wp-block-heading\">Text:<\/h4>\n\n\n\n<p>Every time I cry,<br>I cry for my sins,<br>You sing this bitter song<br>With me\u2026<br>My aid, my sorrow,<br>Give me your wisdom,<br>Your tunes are blessed by stellar sky.<\/p>\n\n\n\n<p>Coming from dead calm,<br>I hear that sound growing<br>Distress reigns here, in my heart.<br>Beloved music<br>Killing me softly<br>And no flowers on my grave\u2026<\/p>\n\n\n\n<p>Ref.: <br>Thundering horns in my head<br>Screaming violins of my mind<br>I\u2019ve heard so much in my life<br>But in the end, I\u2019m just one\u2026<br>\u2026Voiceless Flute.<\/p>\n\n\n\n<p>These tears of mine<br>Frozen on my lips<br>I\u2019m only whispering the words of grace.<br>Sing me the song<br>Song of the beauty<br>That I have heard on this world\u2026<\/p>\n\n\n\n<p>[Verze 2011:<\/p>\n\n\n\n<p>Through this concert<br>Endless fame of love<br>My thin voice will never more pass\u2026<br>Lost instruments<br>Broken chords of mine<br>These musicians will play no more]<\/p>\n\n\n\n<p>Ref.<\/p>\n\n\n\n<p>My music, my wishes, <br>Everything I\u2019ve lost<br>Could be balanced by one breath.<\/p>\n\n\n\n<p>Ref.:     <br>Dark drums in the depths of my heart<br>Sweetest harps of my love<br>That once has shown me the way<br>But in the end I become\u2026<br>\u2026a Voiceless Flute. <\/p>\n\n\n\n<p>I\u2019ll keep it deep in my soul,<br>I\u2019ll save it for the days to come,<br>My voice of flute\u2026<\/p>\n\n\n\n<div style=\"height:20px\" aria-hidden=\"true\" class=\"wp-block-spacer\"><\/div>\n\n\n\n<p><a href=\"https:\/\/ertha.cz\/hudba\/\" data-type=\"link\" data-id=\"https:\/\/ertha.cz\/hudba\/\">zp\u011bt<\/a><\/p>\n","protected":false},"excerpt":{"rendered":"<div class=\"mh-excerpt\"><p>Hudba: Eyrah, Ertha 2006 Text: Eyrah 2005 To jsme tak jednou cht\u011bli napsat n\u011bjakou norm\u00e1ln\u00ed baladu. Vyd\u00e1no na EP v roce 2011. Text: Every time <a class=\"mh-excerpt-more\" href=\"https:\/\/ertha.cz\/gb\/voiceless-flute\/\" title=\"Voiceless Flute\">[&#8230;]<\/a><\/p>\n<\/div>","protected":false},"author":3,"featured_media":0,"parent":0,"menu_order":0,"comment_status":"closed","ping_status":"closed","template":"","meta":{"footnotes":""},"translation":{"provider":"WPGlobus","version":"2.12.2","language":"gb","enabled_languages":["cz","gb"],"languages":{"cz":{"title":true,"content":true,"excerpt":false},"gb":{"title":false,"content":false,"excerpt":false}}},"_links":{"self":[{"href":"https:\/\/ertha.cz\/gb\/wp-json\/wp\/v2\/pages\/959"}],"collection":[{"href":"https:\/\/ertha.cz\/gb\/wp-json\/wp\/v2\/pages"}],"about":[{"href":"https:\/\/ertha.cz\/gb\/wp-json\/wp\/v2\/types\/page"}],"author":[{"embeddable":true,"href":"https:\/\/ertha.cz\/gb\/wp-json\/wp\/v2\/users\/3"}],"replies":[{"embeddable":true,"href":"https:\/\/ertha.cz\/gb\/wp-json\/wp\/v2\/comments?post=959"}],"version-history":[{"count":3,"href":"https:\/\/ertha.cz\/gb\/wp-json\/wp\/v2\/pages\/959\/revisions"}],"predecessor-version":[{"id":1025,"href":"https:\/\/ertha.cz\/gb\/wp-json\/wp\/v2\/pages\/959\/revisions\/1025"}],"wp:attachment":[{"href":"https:\/\/ertha.cz\/gb\/wp-json\/wp\/v2\/media?parent=959"}],"curies":[{"name":"wp","href":"https:\/\/api.w.org\/{rel}","templated":true}]}}