{"id":953,"date":"2021-04-20T21:13:58","date_gmt":"2021-04-20T19:13:58","guid":{"rendered":"https:\/\/ertha.cz\/?page_id=953"},"modified":"2021-04-20T22:23:32","modified_gmt":"2021-04-20T20:23:32","slug":"trollbound","status":"publish","type":"page","link":"https:\/\/ertha.cz\/gb\/trollbound\/","title":{"rendered":"Trollbound"},"content":{"rendered":"<p><img loading=\"lazy\" decoding=\"async\" class=\"alignright wp-image-790 size-medium\" src=\"https:\/\/ertha.cz\/wp-content\/uploads\/2020\/12\/130575527_10159679386229218_7192817297644457018_o-300x300.jpg\" alt=\"\" width=\"300\" height=\"300\" srcset=\"https:\/\/ertha.cz\/wp-content\/uploads\/2020\/12\/130575527_10159679386229218_7192817297644457018_o-300x300.jpg 300w, https:\/\/ertha.cz\/wp-content\/uploads\/2020\/12\/130575527_10159679386229218_7192817297644457018_o-150x150.jpg 150w, https:\/\/ertha.cz\/wp-content\/uploads\/2020\/12\/130575527_10159679386229218_7192817297644457018_o-768x768.jpg 768w, https:\/\/ertha.cz\/wp-content\/uploads\/2020\/12\/130575527_10159679386229218_7192817297644457018_o-1024x1024.jpg 1024w, https:\/\/ertha.cz\/wp-content\/uploads\/2020\/12\/130575527_10159679386229218_7192817297644457018_o.jpg 1875w\" sizes=\"(max-width: 300px) 100vw, 300px\" \/><br><!--StartFragment--><\/p>\n\n\n<p>Hudba: Greg Johnson, Ertha 2010<br>Text: Eyrah 2012<br>Greg\u016fv prvn\u00ed p\u0159\u00edsp\u011bvek do ert\u00edho playlistu; vesel\u00e1 p\u00edsni\u010dka o tom, jak si jedna kr\u00e1lovna vy\u0159izovala \u00fa\u010dty s horsk\u00fdm trollem.<br>Vyd\u00e1no jako singl v prosinci 2020.<\/p>\n\n\n\n<hr class=\"wp-block-separator\"\/>\n\n\n\n<div style=\"height:40px\" aria-hidden=\"true\" class=\"wp-block-spacer\"><\/div>\n\n\n\n<h4 class=\"wp-block-heading\">Text:<\/h4>\n\n\n\n<p>Now listen to me, my friends,<br>Warriors and knights from the distant lands!<br>The twilight is drawing near,<br>We have to set forth now!<br>With grief our road may be paved<br>It is though your queen\u2019s word<br>That the reward goes to the one<br>Who pierces the troll with his sword.<\/p>\n\n\n\n<p>Come, oh, come to me if you dare,<br>I will give you fame, gold and pain, I will not spare!<\/p>\n\n\n\n<p>The stars are guiding our steps<br>The bloodlust seeks its way out of our souls<br>Forth, my dears, we will hunt him<br>Until the first light comes!<br>Be brave, show him no mercy,<br>Believe me, I know his heart,<br>If you are not the one to strike,<br>You are the one to die!<\/p>\n\n\n\n<p>Come, oh, come to me if you dare,<br>I will give you fame, gold and pain, I will not spare!<\/p>\n\n\n\n<p>Ref.: <br>Marching on and on through the sacred land we used to share<br>Now the war cry sounds, your blood the ground must bear,<br>Beat the beast, fight your foe before it\u2019s too late\u2026<\/p>\n\n\n\n<p><em>So be it!<br>Your queen\u00b4s trollblood will once more soak into mine<br>And we will lie together as long ago we did on our bridal bed,<br>When the days were young and this story hasn\u00b4t yet been told.<br>The love might be strong, but our fate is to live the tale.<\/em><\/p>\n\n\n\n<p>Ref.: <br>Marching on and on through the sacred land we used to share,<br>Now the war cry sounds, your blood the ground must bear,<br>Marching on and on through the sacred land we used to share,<br>I feel you falling apart, a story to be born\u2026<br><em>From the world of neverseen, of fantasies and dreams\u2026<\/em><\/p>\n\n\n\n<div style=\"height:20px\" aria-hidden=\"true\" class=\"wp-block-spacer\"><\/div>\n\n\n\n<p><a href=\"https:\/\/ertha.cz\/hudba\/\" data-type=\"link\" data-id=\"https:\/\/ertha.cz\/hudba\/\">zp\u011bt<\/a><\/p>\n","protected":false},"excerpt":{"rendered":"<div class=\"mh-excerpt\"><p>Hudba: Greg Johnson, Ertha 2010Text: Eyrah 2012Greg\u016fv prvn\u00ed p\u0159\u00edsp\u011bvek do ert\u00edho playlistu; vesel\u00e1 p\u00edsni\u010dka o tom, jak si jedna kr\u00e1lovna vy\u0159izovala \u00fa\u010dty s horsk\u00fdm trollem.Vyd\u00e1no <a class=\"mh-excerpt-more\" href=\"https:\/\/ertha.cz\/gb\/trollbound\/\" title=\"Trollbound\">[&#8230;]<\/a><\/p>\n<\/div>","protected":false},"author":3,"featured_media":0,"parent":0,"menu_order":0,"comment_status":"closed","ping_status":"closed","template":"","meta":{"footnotes":""},"translation":{"provider":"WPGlobus","version":"2.12.2","language":"gb","enabled_languages":["cz","gb"],"languages":{"cz":{"title":true,"content":true,"excerpt":false},"gb":{"title":false,"content":false,"excerpt":false}}},"_links":{"self":[{"href":"https:\/\/ertha.cz\/gb\/wp-json\/wp\/v2\/pages\/953"}],"collection":[{"href":"https:\/\/ertha.cz\/gb\/wp-json\/wp\/v2\/pages"}],"about":[{"href":"https:\/\/ertha.cz\/gb\/wp-json\/wp\/v2\/types\/page"}],"author":[{"embeddable":true,"href":"https:\/\/ertha.cz\/gb\/wp-json\/wp\/v2\/users\/3"}],"replies":[{"embeddable":true,"href":"https:\/\/ertha.cz\/gb\/wp-json\/wp\/v2\/comments?post=953"}],"version-history":[{"count":5,"href":"https:\/\/ertha.cz\/gb\/wp-json\/wp\/v2\/pages\/953\/revisions"}],"predecessor-version":[{"id":1024,"href":"https:\/\/ertha.cz\/gb\/wp-json\/wp\/v2\/pages\/953\/revisions\/1024"}],"wp:attachment":[{"href":"https:\/\/ertha.cz\/gb\/wp-json\/wp\/v2\/media?parent=953"}],"curies":[{"name":"wp","href":"https:\/\/api.w.org\/{rel}","templated":true}]}}