{"id":951,"date":"2021-04-19T22:28:37","date_gmt":"2021-04-19T20:28:37","guid":{"rendered":"https:\/\/ertha.cz\/?page_id=951"},"modified":"2021-04-20T22:22:59","modified_gmt":"2021-04-20T20:22:59","slug":"resurrected","status":"publish","type":"page","link":"https:\/\/ertha.cz\/gb\/resurrected\/","title":{"rendered":"Resurrected"},"content":{"rendered":"\n<p>Hudba: Marcus, Ertha 2009<br>Text: Eyrah 2009<br>Resurrected, p\u0159ezd\u00edvan\u00e1 Bubu, byla prvn\u00ed skladbou, se kterou p\u0159i\u0161el Marcus. Postupn\u011b se z n\u00ed vyklubala morbidn\u00ed komedie, nebo sp\u00ed\u0161 muzik\u00e1l. A proto\u017ee ne ka\u017ed\u00fd asi sd\u00edl\u00ed n\u00e1\u0161 zvr\u00e1cen\u00fd smysl pro humor, prozrad\u00edme zde kl\u00ed\u010dov\u00fd moment z\u00e1pletky: ona ne\u0161\u0165astnice p\u0159i vyvol\u00e1v\u00e1n\u00ed man\u017eelova ducha ud\u011blala osudovou chybu v latin\u011b\u2026<br>Vyd\u00e1no na EP v roce 2011.<\/p>\n\n\n\n<hr class=\"wp-block-separator\"\/>\n\n\n\n<div style=\"height:40px\" aria-hidden=\"true\" class=\"wp-block-spacer\"><\/div>\n\n\n\n<h4 class=\"wp-block-heading\">Text:<\/h4>\n\n\n\n<p>Intro:<br>\n    Oh, come to me, my dear<br>\n    In the name of dark powers and our love<br>\n    You shall live again<br>\n    Awaken now, I order you, rise!<\/p>\n\n\n\n<p>Impero spiritus mortis a umbris te resurgere!<\/p>\n\n\n\n<p>On:    <br> Are you the one who danced like a fool,<br> Barefoot trampled the gate to my realm,<br> And broke the silence of my marble halls,<br> Are you the one?!?<\/p>\n\n\n\n<p>Ona:    <br>\nYes, yes, it\u2019s me<br>\n    Can you not see<br>\n    Your widow\u2019s face<br>\n    That sorrow has robbed of beauty and grace?<br>\n    I\u2019ve longed for you<br>\n    Oh, for so long,<br>\n    Waiting for nothing but the Hell to take me<br>\n    Through the winter nights and summer mornings<br>\n    These tears I\u2019ve wept<br>\n    Signs of my sins<\/p>\n\n\n\n<p>On:     <br>\nYes, now I can see<br>\n    The glow in your eyes, the poisoned remedy<br>\n    You have eaten too much fruit stolen from Paradise<\/p>\n\n\n\n<p>Ona:     <br>\nDays without your light<br>\n    Nights full of deadly sorrow<br>\n    This all I had to bear<br>\n    I\u2019d drink my blood<br>\n    Throw my heart into the flames<br>\n    And devour the nest of my anxiousness<\/p>\n\n\n\n<p>On:     <br>\nYes, very well, <br>\n    I remember those nights lavishing of lies and foolish fantasies, <br>\n    I have drunk the cup of love with my bane, <br>\n    Go away! By no means, <br>\n    I do not want your flowers lying on my grave\u2026 <\/p>\n\n\n\n<p>Ona:    <br>\nForgive me for what I have done<br>\n    That I have been the one<br>\n    Who ended your days with such a pain\u2026<\/p>\n\n\n\n<p>I beg no more for light<br>    I want to dream in your arms in deep sleep<br>    As I used to do<br>    I\u2019m giving you all<br>    Come back to life<br>    Or kill me<br>    Tear me apart<br>    Do as you like and love me<\/p>\n\n\n\n<p>On:     <br>\nCome with me, then, <br>\n    Sacrifice your pain on my altar, <br>\n    Step from the world of shadows <br>\n    And enter the kingdom of never-ending darkness. <br>\n    I&#8217;ll take you there\u2026<\/p>\n\n\n\n<p>Ona:     <br>\nBut what is this I find?<br>\n    Who are you?<br>\n    For I see now<br>\n    You\u2019re no man of mine!<br>\n    No! You liar! You deceiver!<br>\n    Let me go!<\/p>\n\n\n\n<p>On:     <br>\nNeither the man you have killed, you fool, <br>\n    Nor any one of your miserable breed. <br>\n    I am Death, the only master of eternity, <br>\n    And you are mine.<\/p>\n\n\n\n<p>Ona:    <br> No hope left now<br>     Guiding my path<br>     No way to flee my fate<br>     I shall stay buried in your realm<br>     I will not beg<br>     Nor will I cry<br>     After all I have done I deserve to die<br>     And the flowers lying and withering on my grave<br>     Will remain the last signs of my sins.<\/p>\n\n\n\n<div style=\"height:20px\" aria-hidden=\"true\" class=\"wp-block-spacer\"><\/div>\n\n\n\n<p><a href=\"https:\/\/ertha.cz\/hudba\/\" data-type=\"link\" data-id=\"https:\/\/ertha.cz\/hudba\/\">zp\u011bt<\/a><\/p>\n","protected":false},"excerpt":{"rendered":"<div class=\"mh-excerpt\"><p>Hudba: Marcus, Ertha 2009Text: Eyrah 2009Resurrected, p\u0159ezd\u00edvan\u00e1 Bubu, byla prvn\u00ed skladbou, se kterou p\u0159i\u0161el Marcus. Postupn\u011b se z n\u00ed vyklubala morbidn\u00ed komedie, nebo sp\u00ed\u0161 muzik\u00e1l. <a class=\"mh-excerpt-more\" href=\"https:\/\/ertha.cz\/gb\/resurrected\/\" title=\"Resurrected\">[&#8230;]<\/a><\/p>\n<\/div>","protected":false},"author":3,"featured_media":0,"parent":0,"menu_order":0,"comment_status":"closed","ping_status":"closed","template":"","meta":{"footnotes":""},"translation":{"provider":"WPGlobus","version":"2.12.2","language":"gb","enabled_languages":["cz","gb"],"languages":{"cz":{"title":true,"content":true,"excerpt":false},"gb":{"title":false,"content":false,"excerpt":false}}},"_links":{"self":[{"href":"https:\/\/ertha.cz\/gb\/wp-json\/wp\/v2\/pages\/951"}],"collection":[{"href":"https:\/\/ertha.cz\/gb\/wp-json\/wp\/v2\/pages"}],"about":[{"href":"https:\/\/ertha.cz\/gb\/wp-json\/wp\/v2\/types\/page"}],"author":[{"embeddable":true,"href":"https:\/\/ertha.cz\/gb\/wp-json\/wp\/v2\/users\/3"}],"replies":[{"embeddable":true,"href":"https:\/\/ertha.cz\/gb\/wp-json\/wp\/v2\/comments?post=951"}],"version-history":[{"count":4,"href":"https:\/\/ertha.cz\/gb\/wp-json\/wp\/v2\/pages\/951\/revisions"}],"predecessor-version":[{"id":1023,"href":"https:\/\/ertha.cz\/gb\/wp-json\/wp\/v2\/pages\/951\/revisions\/1023"}],"wp:attachment":[{"href":"https:\/\/ertha.cz\/gb\/wp-json\/wp\/v2\/media?parent=951"}],"curies":[{"name":"wp","href":"https:\/\/api.w.org\/{rel}","templated":true}]}}