{"id":938,"date":"2021-04-17T22:28:12","date_gmt":"2021-04-17T20:28:12","guid":{"rendered":"https:\/\/ertha.cz\/?page_id=938"},"modified":"2021-04-20T22:21:51","modified_gmt":"2021-04-20T20:21:51","slug":"pilgrim","status":"publish","type":"page","link":"https:\/\/ertha.cz\/gb\/pilgrim\/","title":{"rendered":"Pilgrim"},"content":{"rendered":"<p><img loading=\"lazy\" decoding=\"async\" class=\"alignright wp-image-880 size-medium\" src=\"https:\/\/ertha.cz\/wp-content\/uploads\/2021\/03\/Pilgrim-300x300.jpg\" alt=\"\" width=\"300\" height=\"300\" srcset=\"https:\/\/ertha.cz\/wp-content\/uploads\/2021\/03\/Pilgrim-300x300.jpg 300w, https:\/\/ertha.cz\/wp-content\/uploads\/2021\/03\/Pilgrim-150x150.jpg 150w, https:\/\/ertha.cz\/wp-content\/uploads\/2021\/03\/Pilgrim-768x768.jpg 768w, https:\/\/ertha.cz\/wp-content\/uploads\/2021\/03\/Pilgrim-1024x1024.jpg 1024w\" sizes=\"(max-width: 300px) 100vw, 300px\" \/><br><!--StartFragment--><\/p>\n\n\n<p>Hudba: Eyrah, Ertha 2011<br>Text: Eyrah 2012<br>Pilgrim vznikl z\u00a0\u00fatr\u017eku p\u016fvodn\u011b \u00fapln\u011b jin\u00e9 p\u00edsn\u011b jm\u00e9nem Last Evangelist, napsan\u00e9 v\u00a0roce 2005. I kdy\u017e tento kousek p\u0159etrval v podstat\u011b nedot\u010den, jeho v\u00fdznam se v\u00a0nov\u00e9 p\u00edsni zcela zm\u011bnil\u2026<\/p>\n\n\n\n<p>Vyd\u00e1no jako online singl v listopadu 2017.<\/p>\n\n\n\n<hr class=\"wp-block-separator\"\/>\n\n\n\n<div style=\"height:40px\" aria-hidden=\"true\" class=\"wp-block-spacer\"><\/div>\n\n\n\n<h4 class=\"wp-block-heading\">Text:<\/h4>\n\n\n\n<p>With you, my guide,<br>Staring to the sun,<br>Through the marshes, rivers, hills,<br>Through the misty seas,<br>Through the memories,<br>There my way leads!<\/p>\n\n\n\n<p>With you, my desire,<br>I turned to ice, into snow,<br>But the sun, the fire<br>Brought me woe\u2026<br>I\u2019ve wept myself to the ground,<br>In its holes little I found<br>Of my paradise. <\/p>\n\n\n\n<p>I\u00b4m not the one you believed in,<br>I\u2019m not the one you hoped. <br>I\u00b4m not the one who\u00b4s born in awe.<br>Trying to reach, still failing to find<br>The life I once dreamt about\u2026<\/p>\n\n\n\n<p>Ref.: <br><em>Serpents\u00b4 seeker, ravens\u00b4 master,<br>Bear the mighty and the wolf\u00b4s kin,<br>The fox on the heaths, the hawk under the skies,<br>That\u2019s what I have been, that\u00b4s what I have lost.<\/em><br>Take me where I belong, <br>Take me where I could rest, <br>Take me where I\u2019d find myself, <br>Take me where all starts and ends! <\/p>\n\n\n\n<p>With you, my sorrow,<br>I grew up high, grew up tall,<br>Mourning willow<br>Awaiting the fall\u2026<br>They brought me down, cut off my head,<br>The blazing stake should be the bed<br>I have longed for!<\/p>\n\n\n\n<p>I\u00b4m not the one I believed in,<br>I\u2019m not the one I hoped.<br>I\u00b4m not the one who\u00b4s born in awe.<br>Trying to reach, still failing to find<br>The life I once dreamt about <\/p>\n\n\n\n<p>Ref.<\/p>\n\n\n\n<p>Serpents\u2019 seeker!<br>Ravens\u2019 master!<\/p>\n\n\n\n<p>To ashes burnt, my fate,<br>When dawn comes, will we lie<br>And I ask if it\u00b4s too late<br>Or should we try? <br>Once again, hand in hand<br>To find our place on this land.<br>That\u2019s what I ask\u2026<\/p>\n\n\n\n<p>With you, my guide,<br>Staring to the sun,<br>Through the marshes, rivers, hills,<br>Through the misty seas,<br>Through the memories,<br>There our way leads!<\/p>\n\n\n\n<div style=\"height:20px\" aria-hidden=\"true\" class=\"wp-block-spacer\"><\/div>\n\n\n\n<p><a href=\"https:\/\/ertha.cz\/hudba\/\" data-type=\"link\" data-id=\"https:\/\/ertha.cz\/hudba\/\">zp\u011bt<\/a><\/p>\n","protected":false},"excerpt":{"rendered":"<div class=\"mh-excerpt\"><p>Hudba: Eyrah, Ertha 2011Text: Eyrah 2012Pilgrim vznikl z\u00a0\u00fatr\u017eku p\u016fvodn\u011b \u00fapln\u011b jin\u00e9 p\u00edsn\u011b jm\u00e9nem Last Evangelist, napsan\u00e9 v\u00a0roce 2005. I kdy\u017e tento kousek p\u0159etrval v podstat\u011b <a class=\"mh-excerpt-more\" href=\"https:\/\/ertha.cz\/gb\/pilgrim\/\" title=\"Pilgrim\">[&#8230;]<\/a><\/p>\n<\/div>","protected":false},"author":3,"featured_media":0,"parent":0,"menu_order":0,"comment_status":"closed","ping_status":"closed","template":"","meta":{"footnotes":""},"translation":{"provider":"WPGlobus","version":"2.12.2","language":"gb","enabled_languages":["cz","gb"],"languages":{"cz":{"title":true,"content":true,"excerpt":false},"gb":{"title":false,"content":false,"excerpt":false}}},"_links":{"self":[{"href":"https:\/\/ertha.cz\/gb\/wp-json\/wp\/v2\/pages\/938"}],"collection":[{"href":"https:\/\/ertha.cz\/gb\/wp-json\/wp\/v2\/pages"}],"about":[{"href":"https:\/\/ertha.cz\/gb\/wp-json\/wp\/v2\/types\/page"}],"author":[{"embeddable":true,"href":"https:\/\/ertha.cz\/gb\/wp-json\/wp\/v2\/users\/3"}],"replies":[{"embeddable":true,"href":"https:\/\/ertha.cz\/gb\/wp-json\/wp\/v2\/comments?post=938"}],"version-history":[{"count":10,"href":"https:\/\/ertha.cz\/gb\/wp-json\/wp\/v2\/pages\/938\/revisions"}],"predecessor-version":[{"id":1021,"href":"https:\/\/ertha.cz\/gb\/wp-json\/wp\/v2\/pages\/938\/revisions\/1021"}],"wp:attachment":[{"href":"https:\/\/ertha.cz\/gb\/wp-json\/wp\/v2\/media?parent=938"}],"curies":[{"name":"wp","href":"https:\/\/api.w.org\/{rel}","templated":true}]}}