{"id":928,"date":"2021-04-13T22:28:31","date_gmt":"2021-04-13T20:28:31","guid":{"rendered":"https:\/\/ertha.cz\/?page_id=928"},"modified":"2021-04-20T22:19:09","modified_gmt":"2021-04-20T20:19:09","slug":"metsaihin","status":"publish","type":"page","link":"https:\/\/ertha.cz\/gb\/metsaihin\/","title":{"rendered":"Mets\u00e4ihin"},"content":{"rendered":"\n<p>Hudba: Eyrah, Ereis 2015<br>Text: Aino Kallas 1928<\/p>\n\n\n\n<p>Z\u00e1v\u011bre\u010dn\u00e1 skladba Finsk\u00e9ho cyklu, kter\u00fd vznikl jako hudebn\u00ed doprovod k  divadeln\u00edmu zpracov\u00e1n\u00ed rom\u00e1nu Sudenmorsian od Aino Kallas. <\/p>\n\n\n\n<figure class=\"wp-block-embed-youtube wp-block-embed is-type-video is-provider-youtube wp-embed-aspect-16-9 wp-has-aspect-ratio\"><div class=\"wp-block-embed__wrapper\">\n<iframe loading=\"lazy\" title=\"Living room sessions: Mets\u00e4ihin\" width=\"500\" height=\"281\" src=\"https:\/\/www.youtube.com\/embed\/QXwBX4iBp4M?feature=oembed\" frameborder=\"0\" allow=\"accelerometer; autoplay; clipboard-write; encrypted-media; gyroscope; picture-in-picture\" allowfullscreen><\/iframe>\n<\/div><\/figure>\n\n\n\n<div style=\"height:20px\" aria-hidden=\"true\" class=\"wp-block-spacer\"><\/div>\n\n\n\n<p><a href=\"https:\/\/ertha.cz\/hudba\/\" data-type=\"link\" data-id=\"https:\/\/ertha.cz\/hudba\/\">zp\u011bt<\/a><\/p>\n","protected":false},"excerpt":{"rendered":"<div class=\"mh-excerpt\"><p>Hudba: Eyrah, Ereis 2015Text: Aino Kallas 1928 Z\u00e1v\u011bre\u010dn\u00e1 skladba Finsk\u00e9ho cyklu, kter\u00fd vznikl jako hudebn\u00ed doprovod k divadeln\u00edmu zpracov\u00e1n\u00ed rom\u00e1nu Sudenmorsian od Aino Kallas.<\/p>\n<\/div>","protected":false},"author":3,"featured_media":0,"parent":0,"menu_order":0,"comment_status":"closed","ping_status":"closed","template":"","meta":{"footnotes":""},"translation":{"provider":"WPGlobus","version":"2.12.2","language":"gb","enabled_languages":["cz","gb"],"languages":{"cz":{"title":true,"content":true,"excerpt":false},"gb":{"title":false,"content":false,"excerpt":false}}},"_links":{"self":[{"href":"https:\/\/ertha.cz\/gb\/wp-json\/wp\/v2\/pages\/928"}],"collection":[{"href":"https:\/\/ertha.cz\/gb\/wp-json\/wp\/v2\/pages"}],"about":[{"href":"https:\/\/ertha.cz\/gb\/wp-json\/wp\/v2\/types\/page"}],"author":[{"embeddable":true,"href":"https:\/\/ertha.cz\/gb\/wp-json\/wp\/v2\/users\/3"}],"replies":[{"embeddable":true,"href":"https:\/\/ertha.cz\/gb\/wp-json\/wp\/v2\/comments?post=928"}],"version-history":[{"count":2,"href":"https:\/\/ertha.cz\/gb\/wp-json\/wp\/v2\/pages\/928\/revisions"}],"predecessor-version":[{"id":1020,"href":"https:\/\/ertha.cz\/gb\/wp-json\/wp\/v2\/pages\/928\/revisions\/1020"}],"wp:attachment":[{"href":"https:\/\/ertha.cz\/gb\/wp-json\/wp\/v2\/media?parent=928"}],"curies":[{"name":"wp","href":"https:\/\/api.w.org\/{rel}","templated":true}]}}