{"id":925,"date":"2021-04-13T22:27:05","date_gmt":"2021-04-13T20:27:05","guid":{"rendered":"https:\/\/ertha.cz\/?page_id=925"},"modified":"2021-04-20T22:18:43","modified_gmt":"2021-04-20T20:18:43","slug":"kuolemaan","status":"publish","type":"page","link":"https:\/\/ertha.cz\/gb\/kuolemaan\/","title":{"rendered":"Kuolemaan"},"content":{"rendered":"\n<p>Hudba: Ereis, Ertha 2015<br>Text: Aino Kallas 1928<\/p>\n\n\n\n<p>Druh\u00e1 ze t\u0159\u00ed skladeb Finsk\u00e9ho cyklu, kter\u00fd vznikl jako hudebn\u00ed doprovod k  divadeln\u00edmu zpracov\u00e1n\u00ed rom\u00e1nu Sudenmorsian od Aino Kallas. V tomto p\u0159\u00edpad\u011b ke sc\u00e9n\u011b, kde hlavn\u00ed hrdinka stoj\u00ed p\u0159ed soudem a nakonec je odsouzena k smrti. B\u011bhem p\u0159edstaven\u00ed byla nakonec pou\u017eita jen zkr\u00e1cen\u00e1 a zjednodu\u0161en\u00e1 verze; se v\u0161\u00edm v\u0161udy jsme skladbu zahr\u00e1li poprv\u00e9 a\u017e na Folk Metal Festu v Ti\u0161nov\u011b v l\u00e9t\u011b 2018.<\/p>\n\n\n\n<div style=\"height:20px\" aria-hidden=\"true\" class=\"wp-block-spacer\"><\/div>\n\n\n\n<p><a href=\"https:\/\/ertha.cz\/hudba\/\" data-type=\"link\" data-id=\"https:\/\/ertha.cz\/hudba\/\">zp\u011bt<\/a><\/p>\n","protected":false},"excerpt":{"rendered":"<div class=\"mh-excerpt\"><p>Hudba: Ereis, Ertha 2015Text: Aino Kallas 1928 Druh\u00e1 ze t\u0159\u00ed skladeb Finsk\u00e9ho cyklu, kter\u00fd vznikl jako hudebn\u00ed doprovod k divadeln\u00edmu zpracov\u00e1n\u00ed rom\u00e1nu Sudenmorsian od Aino <a class=\"mh-excerpt-more\" href=\"https:\/\/ertha.cz\/gb\/kuolemaan\/\" title=\"Kuolemaan\">[&#8230;]<\/a><\/p>\n<\/div>","protected":false},"author":3,"featured_media":0,"parent":0,"menu_order":0,"comment_status":"closed","ping_status":"closed","template":"","meta":{"footnotes":""},"translation":{"provider":"WPGlobus","version":"2.12.2","language":"gb","enabled_languages":["cz","gb"],"languages":{"cz":{"title":true,"content":true,"excerpt":false},"gb":{"title":false,"content":false,"excerpt":false}}},"_links":{"self":[{"href":"https:\/\/ertha.cz\/gb\/wp-json\/wp\/v2\/pages\/925"}],"collection":[{"href":"https:\/\/ertha.cz\/gb\/wp-json\/wp\/v2\/pages"}],"about":[{"href":"https:\/\/ertha.cz\/gb\/wp-json\/wp\/v2\/types\/page"}],"author":[{"embeddable":true,"href":"https:\/\/ertha.cz\/gb\/wp-json\/wp\/v2\/users\/3"}],"replies":[{"embeddable":true,"href":"https:\/\/ertha.cz\/gb\/wp-json\/wp\/v2\/comments?post=925"}],"version-history":[{"count":4,"href":"https:\/\/ertha.cz\/gb\/wp-json\/wp\/v2\/pages\/925\/revisions"}],"predecessor-version":[{"id":1019,"href":"https:\/\/ertha.cz\/gb\/wp-json\/wp\/v2\/pages\/925\/revisions\/1019"}],"wp:attachment":[{"href":"https:\/\/ertha.cz\/gb\/wp-json\/wp\/v2\/media?parent=925"}],"curies":[{"name":"wp","href":"https:\/\/api.w.org\/{rel}","templated":true}]}}