{"id":922,"date":"2021-04-13T22:25:37","date_gmt":"2021-04-13T20:25:37","guid":{"rendered":"https:\/\/ertha.cz\/?page_id=922"},"modified":"2021-04-20T22:18:05","modified_gmt":"2021-04-20T20:18:05","slug":"i-have-dreamt-about-this-land","status":"publish","type":"page","link":"https:\/\/ertha.cz\/gb\/i-have-dreamt-about-this-land\/","title":{"rendered":"I have Dreamt about this Land"},"content":{"rendered":"\n<p>Hudba: Eyrah, Ertha 2006<br>Text: Eyrah 2006<br>Z&nbsp;t\u00e9to skladby jsme se velmi dlouho sna\u017eili ud\u011blat metal, ale nakonec jsme to vzdali a z\u016fstali u star\u00e9ho dobr\u00e9ho pseudofolku\u2026 K textu m\u00e1me tak\u00e9 finsk\u00fd p\u0159eklad. Bohu\u017eel ne zcela zp\u00edvateln\u00fd.<\/p>\n\n\n\n<hr class=\"wp-block-separator\"\/>\n\n\n\n<div style=\"height:40px\" aria-hidden=\"true\" class=\"wp-block-spacer\"><\/div>\n\n\n\n<h4 class=\"wp-block-heading\">Text:<\/h4>\n\n\n\n<p>I have dreamt <br>About this land<br>Hidden in my visions<br>But so close to me\u2026<br>Where the Sun never sets<br>And where\u2019s no cold to fear<br>Where the birds don\u2019t sing at all<br>But where\u2019s a music <br>That enchants my soul\u2026<\/p>\n\n\n\n<p>Paradise of elves,<br>Witches in the full moon,<br>Powerful kings in the stone hall,<br>Great snake in the depths\u2026<br>I\u2019m looking for the land<br>Where could Peer Gynt dwell<br>Without any hesitation <br>In his foolishness<br>That\u2019s what I search\u2026 <\/p>\n\n\n\n<p>I\u2019ve tried so hard to stand<br>All the pain I face on this world\u2026<\/p>\n\n\n\n<p>Wandering through the emptiness<br>Waiting for some signs<br>Accompanied by the northern lights <br>Lying down in the polar night\u2026<\/p>\n\n\n\n<p>Maybe you\u2019re right when you say:<br>\u201cJust stop thinking about this.\u201d<br>Maybe I\u2019m wrong or maybe<br>I am the only one to see\u2026<\/p>\n\n\n\n<p>Ref.:<br>To see the reason of the world<br>In the old heroic poems lost for all<br>To see the stories fading out<br>Like the leaves on trees when autumn comes<br>To know the Holy Grail is lost<br>And there\u2019s no chance to bring it back\u2026<\/p>\n\n\n\n<p>Maybe you\u2019re right, maybe I\u2019m running<br>To the Eden of poetry<br>Then I waft on the sweetest web <br>Of my mysteries\u2026<\/p>\n\n\n\n<p>I can look down on the Earth<br>And at last distinguish the good and evil<br>You would never say how I feel<br>When I\u2019m the only one to see\u2026<\/p>\n\n\n\n<p>Ref.<\/p>\n\n\n\n<p>Tell me now<br>What I have done<br>Why you have, my dear Fates,<br>Made this silly mistake?<br>Like Kullervo\u00b4s curse <br>Now my words go through the land,<br>Following the path that I didn\u2019t choose<br>But for which I was born<\/p>\n\n\n\n<p>One was dressed in black<br>And so were the others<br>Proud sons of M\u00faspel,<br>Beautiful companions of Hel\u2026<br>I wish to this world<br>To be burnt to ash<br>And let me be buried<br>In my foolishness<br>That\u2019s what I search\u2026<\/p>\n\n\n\n<div style=\"height:20px\" aria-hidden=\"true\" class=\"wp-block-spacer\"><\/div>\n\n\n\n<p><a href=\"https:\/\/ertha.cz\/hudba\/\" data-type=\"link\" data-id=\"https:\/\/ertha.cz\/hudba\/\">zp\u011bt<\/a><\/p>\n","protected":false},"excerpt":{"rendered":"<div class=\"mh-excerpt\"><p>Hudba: Eyrah, Ertha 2006Text: Eyrah 2006Z&nbsp;t\u00e9to skladby jsme se velmi dlouho sna\u017eili ud\u011blat metal, ale nakonec jsme to vzdali a z\u016fstali u star\u00e9ho dobr\u00e9ho pseudofolku\u2026 <a class=\"mh-excerpt-more\" href=\"https:\/\/ertha.cz\/gb\/i-have-dreamt-about-this-land\/\" title=\"I have Dreamt about this Land\">[&#8230;]<\/a><\/p>\n<\/div>","protected":false},"author":3,"featured_media":0,"parent":0,"menu_order":0,"comment_status":"closed","ping_status":"closed","template":"","meta":{"footnotes":""},"translation":{"provider":"WPGlobus","version":"2.12.2","language":"gb","enabled_languages":["cz","gb"],"languages":{"cz":{"title":true,"content":true,"excerpt":false},"gb":{"title":false,"content":false,"excerpt":false}}},"_links":{"self":[{"href":"https:\/\/ertha.cz\/gb\/wp-json\/wp\/v2\/pages\/922"}],"collection":[{"href":"https:\/\/ertha.cz\/gb\/wp-json\/wp\/v2\/pages"}],"about":[{"href":"https:\/\/ertha.cz\/gb\/wp-json\/wp\/v2\/types\/page"}],"author":[{"embeddable":true,"href":"https:\/\/ertha.cz\/gb\/wp-json\/wp\/v2\/users\/3"}],"replies":[{"embeddable":true,"href":"https:\/\/ertha.cz\/gb\/wp-json\/wp\/v2\/comments?post=922"}],"version-history":[{"count":3,"href":"https:\/\/ertha.cz\/gb\/wp-json\/wp\/v2\/pages\/922\/revisions"}],"predecessor-version":[{"id":1018,"href":"https:\/\/ertha.cz\/gb\/wp-json\/wp\/v2\/pages\/922\/revisions\/1018"}],"wp:attachment":[{"href":"https:\/\/ertha.cz\/gb\/wp-json\/wp\/v2\/media?parent=922"}],"curies":[{"name":"wp","href":"https:\/\/api.w.org\/{rel}","templated":true}]}}