{"id":915,"date":"2021-04-13T22:16:35","date_gmt":"2021-04-13T20:16:35","guid":{"rendered":"https:\/\/ertha.cz\/?page_id=915"},"modified":"2021-04-20T22:17:04","modified_gmt":"2021-04-20T20:17:04","slug":"guiding-star","status":"publish","type":"page","link":"https:\/\/ertha.cz\/gb\/guiding-star\/","title":{"rendered":"Guiding Star"},"content":{"rendered":"\n<p>Hudba: Greg Johnson, Ereis 2019<br>Text: Eyrah, Ereis 2019<br>Vyd\u00e1no jako zvl\u00e1\u0161tn\u00ed online singl v roce 2019.<br>Skladba Guiding Star vznikla na motivy a u p\u0159\u00edle\u017eitosti vyd\u00e1n\u00ed fantasy rom\u00e1nu Ritu\u00e1l, kter\u00fd maj\u00ed na sv\u011bdom\u00ed Eyrah s Ereis. V\u00edce o knize <a rel=\"noreferrer noopener\" aria-label=\"zde (otev\u0159e se na nov\u00e9 z\u00e1lo\u017ece)\" href=\"http:\/\/www.hostbrno.cz\/ritual\/\" target=\"_blank\">zde<\/a>.<\/p>\n\n\n\n<figure class=\"wp-block-embed-youtube wp-block-embed is-type-video is-provider-youtube wp-embed-aspect-16-9 wp-has-aspect-ratio\"><div class=\"wp-block-embed__wrapper\">\n<iframe loading=\"lazy\" title=\"Guiding Star (Ritual theme song)\" width=\"500\" height=\"281\" src=\"https:\/\/www.youtube.com\/embed\/ZV6tp498PYE?feature=oembed\" frameborder=\"0\" allow=\"accelerometer; autoplay; clipboard-write; encrypted-media; gyroscope; picture-in-picture\" allowfullscreen><\/iframe>\n<\/div><\/figure>\n\n\n\n<hr class=\"wp-block-separator\"\/>\n\n\n\n<div style=\"height:40px\" aria-hidden=\"true\" class=\"wp-block-spacer\"><\/div>\n\n\n\n<h4 class=\"wp-block-heading\">Text:<\/h4>\n\n\n\n<p>Close your eyes,<br>Prepare to lose,<br>Your life dies<br>Whatever you choose,<br>Never really did they care about who we are.<\/p>\n\n\n\n<p>One step out<br>Towards the unknown<br>We all doubt<br>You are not alone<br>One day your dreams will lead you far\u2026<\/p>\n\n\n\n<p>Let them shine<br>Brighter than ever<br>As the sign<br>Of our endeavour<br>To find the place where the pain can be relieved<\/p>\n\n\n\n<p>Memory,<br>That is the secret,<br>Not to flee<br>Even if you regret<br>What you have done, what you have said, how you have lived\u2026<\/p>\n\n\n\n<p>Ref:<br>See who you are<br>Become who you\u00b4ve always been<br>Follow the path to lead you home <br>Search through the sky to find your guiding star<br>That will show you the way to the place you belong   <\/p>\n\n\n\n<p>Try to wake<br>Stand up and fight<br>Don&#8217;t let them break<br>Into your mind<br>Now it is time to face your deepest woe and fear<\/p>\n\n\n\n<p>Finally<br>The moment has come<br>For you to see<br>What you become<br>At the end all you&#8217;ve ever been will disappear<\/p>\n\n\n\n<p>Ref.<br>See who you are<br>Become who you\u00b4ve always been<br>Follow the path to lead you home<br>Search through the sky to find your guiding star<br>That will show you the way to the place all your dreams now belong<\/p>\n\n\n\n<p>Memory,<br>That is the secret<br>Not to flee   <br>Even if you regret<br>What you have done, what you have said, how you have lived\u2026<\/p>\n\n\n\n<p>Ref.<\/p>\n\n\n\n<div style=\"height:20px\" aria-hidden=\"true\" class=\"wp-block-spacer\"><\/div>\n\n\n\n<p><a href=\"https:\/\/ertha.cz\/hudba\/\" data-type=\"link\" data-id=\"https:\/\/ertha.cz\/hudba\/\">zp\u011bt<\/a><\/p>\n","protected":false},"excerpt":{"rendered":"<div class=\"mh-excerpt\"><p>Hudba: Greg Johnson, Ereis 2019Text: Eyrah, Ereis 2019Vyd\u00e1no jako zvl\u00e1\u0161tn\u00ed online singl v roce 2019.Skladba Guiding Star vznikla na motivy a u p\u0159\u00edle\u017eitosti vyd\u00e1n\u00ed fantasy <a class=\"mh-excerpt-more\" href=\"https:\/\/ertha.cz\/gb\/guiding-star\/\" title=\"Guiding Star\">[&#8230;]<\/a><\/p>\n<\/div>","protected":false},"author":3,"featured_media":0,"parent":0,"menu_order":0,"comment_status":"closed","ping_status":"closed","template":"","meta":{"footnotes":""},"translation":{"provider":"WPGlobus","version":"2.12.2","language":"gb","enabled_languages":["cz","gb"],"languages":{"cz":{"title":true,"content":true,"excerpt":false},"gb":{"title":false,"content":false,"excerpt":false}}},"_links":{"self":[{"href":"https:\/\/ertha.cz\/gb\/wp-json\/wp\/v2\/pages\/915"}],"collection":[{"href":"https:\/\/ertha.cz\/gb\/wp-json\/wp\/v2\/pages"}],"about":[{"href":"https:\/\/ertha.cz\/gb\/wp-json\/wp\/v2\/types\/page"}],"author":[{"embeddable":true,"href":"https:\/\/ertha.cz\/gb\/wp-json\/wp\/v2\/users\/3"}],"replies":[{"embeddable":true,"href":"https:\/\/ertha.cz\/gb\/wp-json\/wp\/v2\/comments?post=915"}],"version-history":[{"count":3,"href":"https:\/\/ertha.cz\/gb\/wp-json\/wp\/v2\/pages\/915\/revisions"}],"predecessor-version":[{"id":1016,"href":"https:\/\/ertha.cz\/gb\/wp-json\/wp\/v2\/pages\/915\/revisions\/1016"}],"wp:attachment":[{"href":"https:\/\/ertha.cz\/gb\/wp-json\/wp\/v2\/media?parent=915"}],"curies":[{"name":"wp","href":"https:\/\/api.w.org\/{rel}","templated":true}]}}