{"id":913,"date":"2021-04-12T22:11:42","date_gmt":"2021-04-12T20:11:42","guid":{"rendered":"https:\/\/ertha.cz\/?page_id=913"},"modified":"2021-04-20T22:14:32","modified_gmt":"2021-04-20T20:14:32","slug":"feral","status":"publish","type":"page","link":"https:\/\/ertha.cz\/gb\/feral\/","title":{"rendered":"Feral"},"content":{"rendered":"\n<p>Hudba: Marcus, Ertha 2010<br>Text: Marcus, Eyrah 2010<br>Skladba p\u016fvodn\u011b \u010dist\u011b instrument\u00e1ln\u00ed, posl\u00e9ze dopln\u011bn\u00e1 o growl. N\u011bjakou dobu se jmenovala Shackles of War. Marcus z&nbsp;n\u00ed s\u00e1m napsal v\u011bt\u0161inu a velmi si ji obl\u00edbil, tak\u017ee kdy\u017e z&nbsp;kapely ode\u0161el, vzal si ji s&nbsp;sebou a my u\u017e ji nehrajeme.<\/p>\n\n\n\n<hr class=\"wp-block-separator\"\/>\n\n\n\n<div style=\"height:40px\" aria-hidden=\"true\" class=\"wp-block-spacer\"><\/div>\n\n\n\n<h4 class=\"wp-block-heading\">Text:<\/h4>\n\n\n\n<p>You can try to tame me but I will remain feral<br>You can try to tire me but I will never become weary<br>You can try to change me but you will never succeed<br>You can try to forget me but I won\u00b4t let it happen.<\/p>\n\n\n\n<p>Hear the tale of the chosen ones, let it sound<br>I\u00b4ve sent my messengers through the lands and planted the seeds of horror<br>I\u00b4ve gathered guests before my halls have been filled with meat and delight<br>I\u00b4ve arrived with the sign of decay, let the feast begin!<\/p>\n\n\n\n<p>I know you desire to put on again the shackles of war! Shackles of war!<\/p>\n\n\n\n<p>Bow to my will! Slay your enemies!<br>Obey your kin\u2018s nature and kill those of your kind!<br>My name is war, the most epic human creation<br>I smear blood of the fallen ones over my scarred body<\/p>\n\n\n\n<p>With my shackles on your wrist, you\u00b4re just mindless beasts,<br>Follow the trace of hate!<br>In my fires you\u00b4ll burn your scare<br>You\u00b4ll heighten your pride<br>Your liberty I\u00b4ll devour!<\/p>\n\n\n\n<p>Shackles of war!<br>Shackles of war!<\/p>\n\n\n\n<p>Your life lies on the edge of my sword \u2013 your name is already carved there, do you see?<br>Pray to me, I know you want me to be your master, your king, your god\u2026<br>Hear my savage roar and answer the calling of ephemeral fame!<br>No hell, no heaven, no pain nor salvation \u2013 just neverending darkness of your bloodlust<\/p>\n\n\n\n<p>You can try to forget me but I won\u00b4t let it happen<br>You can try to change me but you will never succeed<br>You can try to tire me but I will never become weary<br>You can try to tame me but I will remain feral\u2026<\/p>\n\n\n\n<div style=\"height:20px\" aria-hidden=\"true\" class=\"wp-block-spacer\"><\/div>\n\n\n\n<p><a href=\"https:\/\/ertha.cz\/hudba\/\" data-type=\"link\" data-id=\"https:\/\/ertha.cz\/hudba\/\">zp\u011bt<\/a><\/p>\n","protected":false},"excerpt":{"rendered":"<div class=\"mh-excerpt\"><p>Hudba: Marcus, Ertha 2010Text: Marcus, Eyrah 2010Skladba p\u016fvodn\u011b \u010dist\u011b instrument\u00e1ln\u00ed, posl\u00e9ze dopln\u011bn\u00e1 o growl. N\u011bjakou dobu se jmenovala Shackles of War. Marcus z&nbsp;n\u00ed s\u00e1m napsal <a class=\"mh-excerpt-more\" href=\"https:\/\/ertha.cz\/gb\/feral\/\" title=\"Feral\">[&#8230;]<\/a><\/p>\n<\/div>","protected":false},"author":3,"featured_media":0,"parent":0,"menu_order":0,"comment_status":"closed","ping_status":"closed","template":"","meta":{"footnotes":""},"translation":{"provider":"WPGlobus","version":"2.12.2","language":"gb","enabled_languages":["cz","gb"],"languages":{"cz":{"title":true,"content":true,"excerpt":false},"gb":{"title":false,"content":false,"excerpt":false}}},"_links":{"self":[{"href":"https:\/\/ertha.cz\/gb\/wp-json\/wp\/v2\/pages\/913"}],"collection":[{"href":"https:\/\/ertha.cz\/gb\/wp-json\/wp\/v2\/pages"}],"about":[{"href":"https:\/\/ertha.cz\/gb\/wp-json\/wp\/v2\/types\/page"}],"author":[{"embeddable":true,"href":"https:\/\/ertha.cz\/gb\/wp-json\/wp\/v2\/users\/3"}],"replies":[{"embeddable":true,"href":"https:\/\/ertha.cz\/gb\/wp-json\/wp\/v2\/comments?post=913"}],"version-history":[{"count":3,"href":"https:\/\/ertha.cz\/gb\/wp-json\/wp\/v2\/pages\/913\/revisions"}],"predecessor-version":[{"id":1015,"href":"https:\/\/ertha.cz\/gb\/wp-json\/wp\/v2\/pages\/913\/revisions\/1015"}],"wp:attachment":[{"href":"https:\/\/ertha.cz\/gb\/wp-json\/wp\/v2\/media?parent=913"}],"curies":[{"name":"wp","href":"https:\/\/api.w.org\/{rel}","templated":true}]}}