{"id":904,"date":"2021-04-12T22:07:45","date_gmt":"2021-04-12T20:07:45","guid":{"rendered":"https:\/\/ertha.cz\/?page_id=904"},"modified":"2021-04-20T22:13:42","modified_gmt":"2021-04-20T20:13:42","slug":"dominus-hominum","status":"publish","type":"page","link":"https:\/\/ertha.cz\/gb\/dominus-hominum\/","title":{"rendered":"Dominus Hominum"},"content":{"rendered":"\n<p>Hudba: Eyrah, Ertha 2006<br>Text: R\u016f\u017emen<br>Tohle je asi nejbl\u00ed\u017e k punku, co se kdy dostaneme. Vyd\u00e1no na demo EP v&nbsp;roce 2011.<\/p>\n\n\n\n<figure class=\"wp-block-embed-youtube wp-block-embed is-type-video is-provider-youtube wp-embed-aspect-16-9 wp-has-aspect-ratio\"><div class=\"wp-block-embed__wrapper\">\n<iframe loading=\"lazy\" title=\"Ertha - Dominus Hominum (lyric video)\" width=\"500\" height=\"281\" src=\"https:\/\/www.youtube.com\/embed\/UZdTUX_LO28?feature=oembed\" frameborder=\"0\" allow=\"accelerometer; autoplay; clipboard-write; encrypted-media; gyroscope; picture-in-picture\" allowfullscreen><\/iframe>\n<\/div><\/figure>\n\n\n\n<hr class=\"wp-block-separator\"\/>\n\n\n\n<div style=\"height:40px\" aria-hidden=\"true\" class=\"wp-block-spacer\"><\/div>\n\n\n\n<h4 class=\"wp-block-heading\">Text:<\/h4>\n\n\n\n<p>I\u2019ve been here<br>Since the time<br>Still I hear  <br>Your stupid whine<\/p>\n\n\n\n<p>Anger, hate, fear,<br>You feed me well<br>Every your tear<br>Opens the Hell<\/p>\n\n\n\n<p>Behold my power<br>Behold my will<br>Behold my fire<br>Feel the fear!<\/p>\n\n\n\n<p>Ref.:     <br>God you call?<br>Where is he?<br>Did he fall?<\/p>\n\n\n\n<p>Tell me whether<br>He\u2019s here been,<br>I was never<br>Interested in<\/p>\n\n\n\n<p>I\u2019m more your Lord<br>The one who rules<br>With every sword  <br>That ends the youth!<\/p>\n\n\n\n<p>Ref.<\/p>\n\n\n\n<p>Black powder trying?<br>That is nice!<br>More are dying<br>I\u2019m pleased twice!<\/p>\n\n\n\n<p>Ref.:     <br>God you call?<br>Where is he?<br>Did he fall?<br>Could it be?\u2026<\/p>\n\n\n\n<p>The Sins are seven<br>The faith is a cell<br>Now march to heaven<br>With the banner of hell!<\/p>\n\n\n\n<div style=\"height:20px\" aria-hidden=\"true\" class=\"wp-block-spacer\"><\/div>\n\n\n\n<p><a href=\"https:\/\/ertha.cz\/hudba\/\" data-type=\"link\" data-id=\"https:\/\/ertha.cz\/hudba\/\">zp\u011bt<\/a><\/p>\n","protected":false},"excerpt":{"rendered":"<div class=\"mh-excerpt\"><p>Hudba: Eyrah, Ertha 2006Text: R\u016f\u017emenTohle je asi nejbl\u00ed\u017e k punku, co se kdy dostaneme. Vyd\u00e1no na demo EP v&nbsp;roce 2011. Text: I\u2019ve been hereSince the <a class=\"mh-excerpt-more\" href=\"https:\/\/ertha.cz\/gb\/dominus-hominum\/\" title=\"Dominus Hominum\">[&#8230;]<\/a><\/p>\n<\/div>","protected":false},"author":3,"featured_media":0,"parent":0,"menu_order":0,"comment_status":"closed","ping_status":"closed","template":"","meta":{"footnotes":""},"translation":{"provider":"WPGlobus","version":"2.12.2","language":"gb","enabled_languages":["cz","gb"],"languages":{"cz":{"title":true,"content":true,"excerpt":false},"gb":{"title":false,"content":false,"excerpt":false}}},"_links":{"self":[{"href":"https:\/\/ertha.cz\/gb\/wp-json\/wp\/v2\/pages\/904"}],"collection":[{"href":"https:\/\/ertha.cz\/gb\/wp-json\/wp\/v2\/pages"}],"about":[{"href":"https:\/\/ertha.cz\/gb\/wp-json\/wp\/v2\/types\/page"}],"author":[{"embeddable":true,"href":"https:\/\/ertha.cz\/gb\/wp-json\/wp\/v2\/users\/3"}],"replies":[{"embeddable":true,"href":"https:\/\/ertha.cz\/gb\/wp-json\/wp\/v2\/comments?post=904"}],"version-history":[{"count":9,"href":"https:\/\/ertha.cz\/gb\/wp-json\/wp\/v2\/pages\/904\/revisions"}],"predecessor-version":[{"id":1014,"href":"https:\/\/ertha.cz\/gb\/wp-json\/wp\/v2\/pages\/904\/revisions\/1014"}],"wp:attachment":[{"href":"https:\/\/ertha.cz\/gb\/wp-json\/wp\/v2\/media?parent=904"}],"curies":[{"name":"wp","href":"https:\/\/api.w.org\/{rel}","templated":true}]}}