{"id":860,"date":"2021-01-30T22:35:41","date_gmt":"2021-01-30T21:35:41","guid":{"rendered":"https:\/\/ertha.cz\/?page_id=860"},"modified":"2024-10-30T22:43:15","modified_gmt":"2024-10-30T21:43:15","slug":"koncerty","status":"publish","type":"page","link":"https:\/\/ertha.cz\/gb\/koncerty\/","title":{"rendered":"Koncerty"},"content":{"rendered":"\n<figure class=\"wp-block-image size-large\"><img loading=\"lazy\" decoding=\"async\" width=\"1024\" height=\"678\" src=\"https:\/\/ertha.cz\/wp-content\/uploads\/2024\/01\/DSC_0977-1-1024x678.jpg\" alt=\"\" class=\"wp-image-1406\" srcset=\"https:\/\/ertha.cz\/wp-content\/uploads\/2024\/01\/DSC_0977-1-1024x678.jpg 1024w, https:\/\/ertha.cz\/wp-content\/uploads\/2024\/01\/DSC_0977-1-300x199.jpg 300w, https:\/\/ertha.cz\/wp-content\/uploads\/2024\/01\/DSC_0977-1-768x509.jpg 768w, https:\/\/ertha.cz\/wp-content\/uploads\/2024\/01\/DSC_0977-1-1536x1018.jpg 1536w, https:\/\/ertha.cz\/wp-content\/uploads\/2024\/01\/DSC_0977-1-2048x1357.jpg 2048w\" sizes=\"(max-width: 1024px) 100vw, 1024px\" \/><\/figure>\n\n\n\n<p style=\"font-size:16px\"><strong><a href=\"https:\/\/www.facebook.com\/events\/1691328954984875\/\" data-type=\"link\" data-id=\"https:\/\/www.facebook.com\/events\/1691328954984875\/\">2.11.2024 \u2013 Benefi\u010dn\u00ed koncert pro Karlovice<\/a><\/strong> \u2013 Brno, Fakulta soci\u00e1ln\u00edch studi\u00ed MU \/\/ + Nebeztebe, Brixtn, Hana a Petr Ulrychovi a dal\u0161\u00ed<\/p>\n\n\n\n<div style=\"height:20px\" aria-hidden=\"true\" class=\"wp-block-spacer\"><\/div>\n\n\n\n<p>A dal\u0161\u00ed koncerty budou! Pr\u00e1v\u011b je pl\u00e1nujeme a domlouv\u00e1me&#8230;<\/p>\n","protected":false},"excerpt":{"rendered":"<div class=\"mh-excerpt\"><p>2.11.2024 \u2013 Benefi\u010dn\u00ed koncert pro Karlovice \u2013 Brno, Fakulta soci\u00e1ln\u00edch studi\u00ed MU \/\/ + Nebeztebe, Brixtn, Hana a Petr Ulrychovi a dal\u0161\u00ed A dal\u0161\u00ed koncerty <a class=\"mh-excerpt-more\" href=\"https:\/\/ertha.cz\/gb\/koncerty\/\" title=\"Koncerty\">[&#8230;]<\/a><\/p>\n<\/div>","protected":false},"author":3,"featured_media":0,"parent":0,"menu_order":0,"comment_status":"closed","ping_status":"closed","template":"","meta":{"footnotes":""},"translation":{"provider":"WPGlobus","version":"2.12.2","language":"gb","enabled_languages":["cz","gb"],"languages":{"cz":{"title":true,"content":true,"excerpt":false},"gb":{"title":false,"content":false,"excerpt":false}}},"_links":{"self":[{"href":"https:\/\/ertha.cz\/gb\/wp-json\/wp\/v2\/pages\/860"}],"collection":[{"href":"https:\/\/ertha.cz\/gb\/wp-json\/wp\/v2\/pages"}],"about":[{"href":"https:\/\/ertha.cz\/gb\/wp-json\/wp\/v2\/types\/page"}],"author":[{"embeddable":true,"href":"https:\/\/ertha.cz\/gb\/wp-json\/wp\/v2\/users\/3"}],"replies":[{"embeddable":true,"href":"https:\/\/ertha.cz\/gb\/wp-json\/wp\/v2\/comments?post=860"}],"version-history":[{"count":17,"href":"https:\/\/ertha.cz\/gb\/wp-json\/wp\/v2\/pages\/860\/revisions"}],"predecessor-version":[{"id":1531,"href":"https:\/\/ertha.cz\/gb\/wp-json\/wp\/v2\/pages\/860\/revisions\/1531"}],"wp:attachment":[{"href":"https:\/\/ertha.cz\/gb\/wp-json\/wp\/v2\/media?parent=860"}],"curies":[{"name":"wp","href":"https:\/\/api.w.org\/{rel}","templated":true}]}}