{"id":843,"date":"2021-01-29T22:56:58","date_gmt":"2021-01-29T21:56:58","guid":{"rendered":"https:\/\/ertha.cz\/?page_id=843"},"modified":"2024-10-30T22:38:39","modified_gmt":"2024-10-30T21:38:39","slug":"odehrane-koncerty","status":"publish","type":"page","link":"https:\/\/ertha.cz\/gb\/odehrane-koncerty\/","title":{"rendered":"Odehran\u00e9 koncerty"},"content":{"rendered":"\n<figure class=\"wp-block-image\"><img loading=\"lazy\" decoding=\"async\" width=\"750\" height=\"460\" src=\"https:\/\/ertha.cz\/wp-content\/uploads\/2019\/08\/photo-577-ertha-13.jpg\" alt=\"\" class=\"wp-image-572\" srcset=\"https:\/\/ertha.cz\/wp-content\/uploads\/2019\/08\/photo-577-ertha-13.jpg 750w, https:\/\/ertha.cz\/wp-content\/uploads\/2019\/08\/photo-577-ertha-13-300x184.jpg 300w\" sizes=\"(max-width: 750px) 100vw, 750px\" \/><\/figure>\n\n\n\n<div style=\"height:20px\" aria-hidden=\"true\" class=\"wp-block-spacer\"><\/div>\n\n\n\n<p><strong>20.7.2024 \u2013 GameCon<\/strong> \u2013 Pardubice, KD Dukla \/\/ + My Project<\/p>\n\n\n\n<p><strong><a href=\"https:\/\/www.facebook.com\/events\/826560559090270\">6.1.2024<\/a><\/strong><a href=\"https:\/\/www.facebook.com\/events\/826560559090270\"><strong> \u2013 <\/strong><\/a><a href=\"https:\/\/www.facebook.com\/events\/886623883200735\"><strong>Symphonic Visions tour: Ostrava<\/strong><\/a> &#8211; Ostrava, Barr\u00e1k \/\/ + My Project, Sarkonia<\/p>\n\n\n\n<div style=\"height:40px\" aria-hidden=\"true\" class=\"wp-block-spacer\"><\/div>\n\n\n\n<p><a href=\"https:\/\/www.facebook.com\/events\/826560559090270\"><strong>16.9.2023 \u2013 Symphonic Visions tour: K\u0159est alba And the Stars Went Out<\/strong><\/a> &#8211; Brno, Melodka \/\/ + My Project, Imortela, Sarkonia<\/p>\n\n\n\n<p><a href=\"https:\/\/www.facebook.com\/events\/171161472570396\" data-type=\"URL\" data-id=\"https:\/\/www.facebook.com\/events\/171161472570396\"><strong>16.6.2023<\/strong><\/a><strong><a href=\"https:\/\/www.facebook.com\/events\/171161472570396\" data-type=\"URL\" data-id=\"https:\/\/www.facebook.com\/events\/171161472570396\"> \u2013 Ve\u010der fantasy hudby na Let\u0148\u00e1ku<\/a> <\/strong>&#8211; Olomouc, Letn\u00ed kino \/\/ + Sukuba Ensemble<\/p>\n\n\n\n<p style=\"font-size:14px\"><strong><a href=\"https:\/\/www.facebook.com\/events\/4764779093646833\/\">29.4.2023 \u2013 Dark Side<\/a><\/strong> \u2013 Praha, Chapeau Rouge \/\/ + Mysthica, SickBoy<\/p>\n\n\n\n<div style=\"height:40px\" aria-hidden=\"true\" class=\"wp-block-spacer\"><\/div>\n\n\n\n<p><strong>23.7.2022 \u2013 GameCon<\/strong> \u2013 Pardubice, KD Dukla \/\/ + My Project  <\/p>\n\n\n\n<div style=\"height:40px\" aria-hidden=\"true\" class=\"wp-block-spacer\"><\/div>\n\n\n\n<p><strong><a rel=\"noreferrer noopener\" aria-label=\" (otev\u0159e se na nov\u00e9 z\u00e1lo\u017ece)\" href=\"https:\/\/www.facebook.com\/events\/566014060781752\" target=\"_blank\">7.7.2020 &#8211; Keltsk\u00e9 \u00fater\u00fd<\/a><\/strong> &#8211; Praha, Vagon \/\/ + Prayers in Vain<\/p>\n\n\n\n<p><strong><a rel=\"noreferrer noopener\" aria-label=\"6.3.2020 \u2013 Soumrak havran\u016f (otev\u0159e se na nov\u00e9 z\u00e1lo\u017ece)\" href=\"https:\/\/www.facebook.com\/events\/468977633979341\/\" target=\"_blank\">6.3.2020 \u2013 Soumrak havran\u016f<\/a><\/strong> \u2013 Brno, Unleaded Coffee \/\/ + Rosa Nocturna, Ewenay, My Project <\/p>\n\n\n\n<div style=\"height:40px\" aria-hidden=\"true\" class=\"wp-block-spacer\"><\/div>\n\n\n\n<p><strong><a rel=\"noreferrer noopener\" aria-label=\"8.12.2018 (otev\u0159e se na nov\u00e9 z\u00e1lo\u017ece)\" href=\"https:\/\/www.facebook.com\/events\/320574265195999\/\" target=\"_blank\">8.12.2018<\/a> <\/strong>\u2013 Ostrava, Rock Hill music club \/\/ + Sarkonia, My Project <\/p>\n\n\n\n<p><strong><a rel=\"noreferrer noopener\" aria-label=\"3.11.2018 (otev\u0159e se na nov\u00e9 z\u00e1lo\u017ece)\" href=\"https:\/\/www.facebook.com\/events\/170550933891251\/\" target=\"_blank\">3.11.2018<\/a><\/strong> \u2013 Praha, Chapeau Rouge  \/\/ + Algaes, Sethorus <\/p>\n\n\n\n<p><strong><a rel=\"noreferrer noopener\" aria-label=\"25.8.2018 \u2013 Folk Metal Fest 6 (otev\u0159e se na nov\u00e9 z\u00e1lo\u017ece)\" href=\"https:\/\/www.facebook.com\/events\/388502291592344\" target=\"_blank\">25.8.2018 \u2013 Folk Metal Fest 6<\/a> \u2013 <\/strong>M\u011bKS Ti\u0161nov \/\/ + Silent Stream of Godless Elegy, Hakka Muggies, Jeden Kmen, Postcards From Arkham a dal\u0161\u00ed<\/p>\n\n\n\n<p><strong><a rel=\"noreferrer noopener\" aria-label=\"20.7.2018 \u2013 Pepsi Free Night  (otev\u0159e se na nov\u00e9 z\u00e1lo\u017ece)\" href=\"https:\/\/www.facebook.com\/events\/919159561619912\/\" target=\"_blank\">20.7.2018 \u2013 Pepsi Free Night <\/a>\u2013 <\/strong>Brno, Melodka \/\/ + Stay Down, N\u00fcDrive <\/p>\n\n\n\n<p><strong><a rel=\"noreferrer noopener\" aria-label=\"19.5.2018 \u2013 Bambifest (otev\u0159e se na nov\u00e9 z\u00e1lo\u017ece)\" href=\"https:\/\/www.facebook.com\/events\/1250923061675053\" target=\"_blank\">19.5.2018 \u2013 Bambifest<\/a> \u2013 <\/strong>Blansko, z\u00e1meck\u00fd park \/\/ +  Pavel Helan, Foreplay, Odbor soci\u00e1ln\u00edch v\u011bc\u00ed, Mers, Tryo a dal\u0161\u00ed <\/p>\n\n\n\n<div style=\"height:40px\" aria-hidden=\"true\" class=\"wp-block-spacer\"><\/div>\n\n\n\n<p><strong><a rel=\"noreferrer noopener\" aria-label=\"7.4.2015 \u2013 Folk Metal Crusade (otev\u0159e se na nov\u00e9 z\u00e1lo\u017ece)\" href=\"https:\/\/www.facebook.com\/events\/1544348932500451\/\" target=\"_blank\">7.4.2015 \u2013 Folk Metal Crusade<\/a> \u2013 <\/strong>Praha, Kain \/\/  + Heathen Foray (AT), Netherfell (PL), Ordaedir <\/p>\n\n\n\n<div style=\"height:40px\" aria-hidden=\"true\" class=\"wp-block-spacer\"><\/div>\n\n\n\n<p><strong><a rel=\"noreferrer noopener\" aria-label=\"13.12.2014 \u2013 Dream of Snow (otev\u0159e se na nov\u00e9 z\u00e1lo\u017ece)\" href=\"https:\/\/www.facebook.com\/events\/947172008645761\/\" target=\"_blank\">13.12.2014 \u2013 Dream of Snow<\/a><\/strong> \u2013 Praha, Exit-us \/\/  + Passion for Sorrow, Soul Keeper <\/p>\n\n\n\n<p><strong><a rel=\"noreferrer noopener\" aria-label=\"22.11.2014 \u2013 The Eve of Metal (otev\u0159e se na nov\u00e9 z\u00e1lo\u017ece)\" href=\"https:\/\/www.facebook.com\/events\/766019566786773\/\" target=\"_blank\">22.11.2014 \u2013 The Eve of Metal<\/a><\/strong> \u2013 Ostrava, klub Chl\u00edv \/\/  + Oblivion, Solar System <\/p>\n\n\n\n<p><strong><a rel=\"noreferrer noopener\" aria-label=\"21.11.2014 (otev\u0159e se na nov\u00e9 z\u00e1lo\u017ece)\" href=\"https:\/\/www.facebook.com\/events\/647225038726004\/\" target=\"_blank\">21.11.2014<\/a><\/strong> \u2013 Brno, m13 rock &amp; pub \/\/  + Line of Sight, Passion of Hate, Sakkara <\/p>\n\n\n\n<p><strong><a href=\"https:\/\/www.facebook.com\/events\/245867862284692\" target=\"_blank\" rel=\"noreferrer noopener\" aria-label=\"20.6.2014 (otev\u0159e se na nov\u00e9 z\u00e1lo\u017ece)\">20.6.2014<\/a><\/strong> \u2013 L\u00e1z, Hospoda L\u00e1z \/\/  + Celtime, V\u00fd\u010dep, AnnAnna&#8217;s <\/p>\n\n\n\n<p><strong><a rel=\"noreferrer noopener\" aria-label=\"3.5.2014 \u2013 Vox Femini (otev\u0159e se na nov\u00e9 z\u00e1lo\u017ece)\" href=\"https:\/\/www.facebook.com\/events\/232342763636511\" target=\"_blank\">3.5.2014 \u2013 Vox Femini<\/a> <\/strong>\u2013 Praha, Exit-us \/\/  + Demencia Mortalis, Barruth <\/p>\n\n\n\n<p><strong>30.4.2014 \u2013 \u010carod\u011bjnice<\/strong> \u2013 P\u0159\u00edbram, Bar Hollywood \/\/  + Celtime, AnnAnna&#8217;s <\/p>\n\n\n\n<p><strong><a rel=\"noreferrer noopener\" aria-label=\"1.3.2014 \u2013 Soumrak havran\u016f II (otev\u0159e se na nov\u00e9 z\u00e1lo\u017ece)\" href=\"https:\/\/www.facebook.com\/events\/792122804146683\/\" target=\"_blank\">1.3.2014 \u2013 Soumrak havran\u016f II<\/a><\/strong> \u2013 Praha, Exit-us \/\/  + The Vacant Eyes, Sinnemia, Wolfarian <\/p>\n\n\n\n<div style=\"height:40px\" aria-hidden=\"true\" class=\"wp-block-spacer\"><\/div>\n\n\n\n<p><strong><a rel=\"noreferrer noopener\" aria-label=\"28.6.2013 \u2013 On a Summer\u2018s Night (otev\u0159e se na nov\u00e9 z\u00e1lo\u017ece)\" href=\"https:\/\/www.facebook.com\/events\/158041234371303\" target=\"_blank\">28.6.2013 \u2013 On a Summer\u2018s Night<\/a><\/strong> \u2013 Berl\u00edn (GER), Slaughterhouse \/\/  + Fauns, Devil&#8217;s Kiss <\/p>\n\n\n\n<p><strong><a rel=\"noreferrer noopener\" aria-label=\"22.6.2013 (otev\u0159e se na nov\u00e9 z\u00e1lo\u017ece)\" href=\"https:\/\/www.facebook.com\/events\/627298060631418\/\" target=\"_blank\">22.6.2013<\/a><\/strong> \u2013 Brno, RC Brooklyn \/\/  + Stoker, Tears of Styrbj\u00f8rn <\/p>\n\n\n\n<p><strong><a rel=\"noreferrer noopener\" aria-label=\"18.1.2013 \u2013 Dream of Snow (otev\u0159e se na nov\u00e9 z\u00e1lo\u017ece)\" href=\"https:\/\/www.facebook.com\/events\/176071775872224\" target=\"_blank\">18.1.2013 \u2013 Dream of Snow<\/a><\/strong> \u2013 Praha, Exit-us \/\/  + Fauns (GER), Odraedir, Chernobor <\/p>\n\n\n\n<div style=\"height:40px\" aria-hidden=\"true\" class=\"wp-block-spacer\"><\/div>\n\n\n\n<p><strong><a rel=\"noreferrer noopener\" aria-label=\"3.9.2012 \u2013 Soumrak havran\u016f (otev\u0159e se na nov\u00e9 z\u00e1lo\u017ece)\" href=\"https:\/\/www.facebook.com\/events\/982080668502940\/\" target=\"_blank\">3.9.2012 \u2013 Soumrak havran\u016f<\/a> <\/strong>\u2013 Praha, Music Club Havran \/\/  + Cruadalach, Douxis Morte, Celtime <\/p>\n\n\n\n<p><strong>3.2.2012 <\/strong>\u2013 P\u0159\u00edbram, Junior klub \/\/  + Celtime <\/p>\n\n\n\n<p><strong><a rel=\"noreferrer noopener\" aria-label=\"9.1.2012 \u2013 Metal Mania (otev\u0159e se na nov\u00e9 z\u00e1lo\u017ece)\" href=\"https:\/\/www.facebook.com\/events\/901512523224474\" target=\"_blank\">9.1.2012 \u2013 Metal Mania<\/a><\/strong> \u2013 Praha, Kain \/\/  + Silverymoon, Piranha <\/p>\n\n\n\n<div style=\"height:40px\" aria-hidden=\"true\" class=\"wp-block-spacer\"><\/div>\n\n\n\n<p><strong><a rel=\"noreferrer noopener\" aria-label=\"2.12.2011 \u2013 Melody of Death (otev\u0159e se na nov\u00e9 z\u00e1lo\u017ece)\" href=\"https:\/\/www.facebook.com\/events\/875012139207728\/\" target=\"_blank\">2.12.2011 \u2013 Melody of Death<\/a> \u2013 <\/strong>Praha, Exit-us \/\/  + Somnus Aeternus, Nocturnal Pestilence <\/p>\n\n\n\n<p><strong><a rel=\"noreferrer noopener\" aria-label=\"8.10.2011 - Autumn Metal Symphony (otev\u0159e se na nov\u00e9 z\u00e1lo\u017ece)\" href=\"https:\/\/www.facebook.com\/events\/809665389082632\" target=\"_blank\">8.10.2011 &#8211; Autumn Metal Symphony<\/a> \u2013 <\/strong>Praha, Lucky Lucky \/\/  + Demencia Mortalis, Tenebris <\/p>\n\n\n\n<p><strong><a rel=\"noreferrer noopener\" aria-label=\" (otev\u0159e se na nov\u00e9 z\u00e1lo\u017ece)\" href=\"https:\/\/www.facebook.com\/events\/991962337482031\/\" target=\"_blank\">16.9.2011 \u2013 Towards the Fall<\/a> \u2013 <\/strong>Praha, Exit-us \/\/  + Celtime, Heavy Passion <\/p>\n\n\n\n<p><strong><a rel=\"noreferrer noopener\" aria-label=\"12.3.2011 (otev\u0159e se na nov\u00e9 z\u00e1lo\u017ece)\" href=\"https:\/\/www.facebook.com\/events\/889045271118004\" target=\"_blank\">12.3.2011<\/a> \u2013 <\/strong>Praha, XT3 \/\/  + R.A.W, Tezaura <\/p>\n\n\n\n<p><strong><a rel=\"noreferrer noopener\" aria-label=\"28.1.2011 \u2013 K\u0159est EP (otev\u0159e se na nov\u00e9 z\u00e1lo\u017ece)\" href=\"https:\/\/www.facebook.com\/events\/924453280952946\/\" target=\"_blank\">28.1.2011 \u2013 K\u0159est EP<\/a> \u2013 <\/strong>Praha, Exit Chmelnice \/\/  + Demencia Mortalis, Alexxia, Taraq <\/p>\n\n\n\n<div style=\"height:40px\" aria-hidden=\"true\" class=\"wp-block-spacer\"><\/div>\n\n\n\n<p><strong>4.12.2010 \u2013 <\/strong>Brno, Mandragora \/\/  + Somnus Aeternus, Tezaura <\/p>\n\n\n\n<p><strong>27.11.2010 \u2013 <\/strong>Dob\u0159\u00ed\u0161, Trezor \/\/  + Nightfall, Alexxia <\/p>\n\n\n\n<p><strong>5.11.2010 \u2013 <\/strong>Praha, N\u00e1dra\u017eka \/\/  + Odraedir, Taraq <\/p>\n\n\n\n<p><strong>5.6.2010 \u2013 I filozofov\u00e9 um\u00ed hr\u00e1t metal<\/strong> \u2013 Praha, K4 \/\/  + Dying Soul <\/p>\n\n\n\n<p><\/p>\n","protected":false},"excerpt":{"rendered":"<div class=\"mh-excerpt\"><p>20.7.2024 \u2013 GameCon \u2013 Pardubice, KD Dukla \/\/ + My Project 6.1.2024 \u2013 Symphonic Visions tour: Ostrava &#8211; Ostrava, Barr\u00e1k \/\/ + My Project, Sarkonia <a class=\"mh-excerpt-more\" href=\"https:\/\/ertha.cz\/gb\/odehrane-koncerty\/\" title=\"Odehran\u00e9 koncerty\">[&#8230;]<\/a><\/p>\n<\/div>","protected":false},"author":3,"featured_media":0,"parent":0,"menu_order":0,"comment_status":"closed","ping_status":"closed","template":"","meta":{"footnotes":""},"translation":{"provider":"WPGlobus","version":"2.12.2","language":"gb","enabled_languages":["cz","gb"],"languages":{"cz":{"title":true,"content":true,"excerpt":false},"gb":{"title":false,"content":false,"excerpt":false}}},"_links":{"self":[{"href":"https:\/\/ertha.cz\/gb\/wp-json\/wp\/v2\/pages\/843"}],"collection":[{"href":"https:\/\/ertha.cz\/gb\/wp-json\/wp\/v2\/pages"}],"about":[{"href":"https:\/\/ertha.cz\/gb\/wp-json\/wp\/v2\/types\/page"}],"author":[{"embeddable":true,"href":"https:\/\/ertha.cz\/gb\/wp-json\/wp\/v2\/users\/3"}],"replies":[{"embeddable":true,"href":"https:\/\/ertha.cz\/gb\/wp-json\/wp\/v2\/comments?post=843"}],"version-history":[{"count":23,"href":"https:\/\/ertha.cz\/gb\/wp-json\/wp\/v2\/pages\/843\/revisions"}],"predecessor-version":[{"id":1529,"href":"https:\/\/ertha.cz\/gb\/wp-json\/wp\/v2\/pages\/843\/revisions\/1529"}],"wp:attachment":[{"href":"https:\/\/ertha.cz\/gb\/wp-json\/wp\/v2\/media?parent=843"}],"curies":[{"name":"wp","href":"https:\/\/api.w.org\/{rel}","templated":true}]}}