{"id":811,"date":"2021-01-26T22:44:54","date_gmt":"2021-01-26T21:44:54","guid":{"rendered":"https:\/\/ertha.cz\/?page_id=811"},"modified":"2024-05-12T23:20:51","modified_gmt":"2024-05-12T21:20:51","slug":"biografie","status":"publish","type":"page","link":"https:\/\/ertha.cz\/gb\/biografie\/","title":{"rendered":"Bio"},"content":{"rendered":"\n<div style=\"height:20px\" aria-hidden=\"true\" class=\"wp-block-spacer\"><\/div>\n\n\n\n<h4 class=\"wp-block-heading\"><strong>Origins (2005-2008)<\/strong><\/h4>\n\n\n\n<p>The band was formed in Brno in 2005 when Eyrah wrote several songs for guitar and vocals, later adding piano to the mix, and with Ereis as vocalist, they founded an acoustic project called Lost Grace.<\/p>\n\n\n<div class=\"wp-block-image is-resized\">\n<figure class=\"alignright\"><img loading=\"lazy\" decoding=\"async\" width=\"651\" height=\"425\" src=\"https:\/\/ertha.cz\/wp-content\/uploads\/2021\/01\/Bio1.jpg\" alt=\"\" class=\"wp-image-818\" style=\"width:300px\" srcset=\"https:\/\/ertha.cz\/wp-content\/uploads\/2021\/01\/Bio1.jpg 651w, https:\/\/ertha.cz\/wp-content\/uploads\/2021\/01\/Bio1-300x196.jpg 300w\" sizes=\"(max-width: 651px) 100vw, 651px\" \/><\/figure><\/div>\n\n\n<p>Soon, however, they both began to gravitate towards harder music, so they approached keyboardist Lori and a little later switched to an electric sound with a new guitarist, Nemo. While they transformed existing songs and created new ones, the folk feel remained and was supported by the arrival of flute player R\u016f\u017emen. Despite constant rehearsing and planning over the next two years, they were unable to find a drummer, which prevented them from performing live, and eventually their enthusiasm waned. When Eyrah and Ereis moved to Prague for university, the band inevitably fell apart. In the summer of 2008, Lori and Nemo went on to pursue their own projects and Eyrah and Ereis started looking for new bandmates.<\/p>\n\n\n\n<div style=\"height:20px\" aria-hidden=\"true\" class=\"wp-block-spacer\"><\/div>\n\n\n\n<h4 class=\"wp-block-heading\"><strong>Starting up (2008-2011)<\/strong><\/h4>\n\n\n<div class=\"wp-block-image is-resized\">\n<figure class=\"alignleft\"><img loading=\"lazy\" decoding=\"async\" width=\"750\" height=\"563\" src=\"https:\/\/ertha.cz\/wp-content\/uploads\/2021\/01\/Ertha-008.jpg\" alt=\"\" class=\"wp-image-824\" style=\"width:300px\" srcset=\"https:\/\/ertha.cz\/wp-content\/uploads\/2021\/01\/Ertha-008.jpg 750w, https:\/\/ertha.cz\/wp-content\/uploads\/2021\/01\/Ertha-008-300x225.jpg 300w, https:\/\/ertha.cz\/wp-content\/uploads\/2021\/01\/Ertha-008-678x509.jpg 678w, https:\/\/ertha.cz\/wp-content\/uploads\/2021\/01\/Ertha-008-326x245.jpg 326w, https:\/\/ertha.cz\/wp-content\/uploads\/2021\/01\/Ertha-008-80x60.jpg 80w\" sizes=\"(max-width: 750px) 100vw, 750px\" \/><\/figure><\/div>\n\n\n<p>Orvin, the drummer, and Marcus, the guitarist, joined Ertha in the autumn of that year. The four started rehearsing and composing. However, finding a keyboard player proved to be much more difficult. It wasn&#8217;t until January 2010 that Rea came along. A few months later, Sa\u0148our joined to complete the group on flutes and vocals, and they rehearsed with great energy.<\/p>\n\n\n\n<div style=\"height:5px\" aria-hidden=\"true\" class=\"wp-block-spacer\"><\/div>\n\n\n<div class=\"wp-block-image is-resized\">\n<figure class=\"alignright\"><img loading=\"lazy\" decoding=\"async\" width=\"750\" height=\"563\" src=\"https:\/\/ertha.cz\/wp-content\/uploads\/2021\/01\/Ertha-005.jpg\" alt=\"\" class=\"wp-image-823\" style=\"width:334px\" srcset=\"https:\/\/ertha.cz\/wp-content\/uploads\/2021\/01\/Ertha-005.jpg 750w, https:\/\/ertha.cz\/wp-content\/uploads\/2021\/01\/Ertha-005-300x225.jpg 300w, https:\/\/ertha.cz\/wp-content\/uploads\/2021\/01\/Ertha-005-678x509.jpg 678w, https:\/\/ertha.cz\/wp-content\/uploads\/2021\/01\/Ertha-005-326x245.jpg 326w, https:\/\/ertha.cz\/wp-content\/uploads\/2021\/01\/Ertha-005-80x60.jpg 80w\" sizes=\"(max-width: 750px) 100vw, 750px\" \/><\/figure><\/div>\n\n\n<p>The first concert took place in June 2010 at the K4 club in Prague. Although it was a relatively small event, the response from the audience was encouraging. The gigs continued in and out of Prague. The playlist was growing, with something new being added at almost every concert. The first merchandise items were also launched. At the end of the year, the band spent a weekend in the studio recording four songs for their long-planned EP. The CD was released in January 2011 during a concert at Prague&#8217;s Exit Chmelnice with Milo\u0161 and Monika from the related band &#8216;Demencia Mortalis&#8217; as godfathers.<\/p>\n\n\n\n<figure class=\"wp-block-image\"><img loading=\"lazy\" decoding=\"async\" width=\"1000\" height=\"453\" src=\"https:\/\/ertha.cz\/wp-content\/uploads\/2021\/01\/Ertha-001.jpg\" alt=\"\" class=\"wp-image-827\" srcset=\"https:\/\/ertha.cz\/wp-content\/uploads\/2021\/01\/Ertha-001.jpg 1000w, https:\/\/ertha.cz\/wp-content\/uploads\/2021\/01\/Ertha-001-300x136.jpg 300w, https:\/\/ertha.cz\/wp-content\/uploads\/2021\/01\/Ertha-001-768x348.jpg 768w\" sizes=\"(max-width: 1000px) 100vw, 1000px\" \/><\/figure>\n\n\n\n<p>Despite their success, serious disagreements began to emerge within the band. As a result, the collaboration with Rea was ended. However, this was not enough to save the situation and in the months that followed, all but the founding members of Ertha left the band.<\/p>\n\n\n\n<div style=\"height:20px\" aria-hidden=\"true\" class=\"wp-block-spacer\"><\/div>\n\n\n\n<h4 class=\"wp-block-heading\"><strong>The never-ending search (2011-2014)<\/strong><\/h4>\n\n\n<div class=\"wp-block-image is-resized\">\n<figure class=\"alignright\"><img loading=\"lazy\" decoding=\"async\" width=\"750\" height=\"500\" src=\"https:\/\/ertha.cz\/wp-content\/uploads\/2019\/08\/photo-441-ertha-01.jpg\" alt=\"\" class=\"wp-image-437\" style=\"width:300px\" srcset=\"https:\/\/ertha.cz\/wp-content\/uploads\/2019\/08\/photo-441-ertha-01.jpg 750w, https:\/\/ertha.cz\/wp-content\/uploads\/2019\/08\/photo-441-ertha-01-300x200.jpg 300w\" sizes=\"(max-width: 750px) 100vw, 750px\" \/><\/figure><\/div>\n\n\n<p>Following the collapse of the first Prague formation, it took a long time to put together a fully functional line-up. There were several periods of searching and recruiting new members, rehearsing the concert repertoire and performing the first gigs, after which players started leaving the band again. This unfortunate situation dragged on for a few years and hindered the development of the band and the creation of new compositions. Nevertheless, the band managed to play many concerts, visit new places and establish valuable collaborations with other musicians. In 2013, they performed their first show abroad in Berlin, sharing the stage with Fauns and Devil&#8217;s Kiss. The collaboration with guitarist and composer Greg Jonson, as well as with violinist Zelda, which began at that time, continues to this day.<\/p>\n\n\n\n<div style=\"height:20px\" aria-hidden=\"true\" class=\"wp-block-spacer\"><\/div>\n\n\n\n<h4 class=\"wp-block-heading\"><strong>Restart (2015-2018)<\/strong><\/h4>\n\n\n<div class=\"wp-block-image is-resized\">\n<figure class=\"alignleft\"><img loading=\"lazy\" decoding=\"async\" width=\"750\" height=\"500\" src=\"https:\/\/ertha.cz\/wp-content\/uploads\/2019\/08\/photo-578-ertha-14.jpg\" alt=\"\" class=\"wp-image-573\" style=\"width:300px\" srcset=\"https:\/\/ertha.cz\/wp-content\/uploads\/2019\/08\/photo-578-ertha-14.jpg 750w, https:\/\/ertha.cz\/wp-content\/uploads\/2019\/08\/photo-578-ertha-14-300x200.jpg 300w\" sizes=\"(max-width: 750px) 100vw, 750px\" \/><\/figure><\/div>\n\n\n<p>The turning point came in 2014, the band&#8217;s busiest year to date. However, after the announcement of the singer&#8217;s pregnancy, the line-up was reduced to Eyrah, Ereis and Zelda, and the question arose as to whether and how Ertha would continue. For a while, the band&#8217;s activities were limited to intimate acoustic rehearsals as a trio with the baby in the background. Ereis started playing the harp, Zelda added a flute, and Eyrah returned to the guitar. But eventually they began to miss making metal music and decided to give it another try. A new line-up was gradually formed, starting with the arrival of keyboardist Petr in the summer of 2016. In 2017, the band recorded the single &#8216;Pilgrim&#8217;, featuring Tonda &#8216;Gabriel&#8217; Bu\u010dek from Rosa Nocturna on guitar. Guitarist Bran joined shortly after. Following difficulties in finding a drummer, Ertha decided to hit the road in spring 2018 with an incomplete line-up, learning from past mistakes. The highlight of the season was without a doubt the performance at the sixth Folk Metal Fest in Ti\u0161nov. However, concerts had to be temporarily suspended again towards the end of the year.<\/p>\n\n\n\n<div style=\"height:20px\" aria-hidden=\"true\" class=\"wp-block-spacer\"><\/div>\n\n\n\n<h4 class=\"wp-block-heading\"><strong>And the Stars Went Out (2019-2021)<\/strong><\/h4>\n\n\n<div class=\"wp-block-image\">\n<figure class=\"alignright is-resized\"><img loading=\"lazy\" decoding=\"async\" width=\"1024\" height=\"576\" src=\"https:\/\/ertha.cz\/wp-content\/uploads\/2021\/01\/Ertha-02-1024x576.jpg\" alt=\"\" class=\"wp-image-839\" style=\"width:320px\" srcset=\"https:\/\/ertha.cz\/wp-content\/uploads\/2021\/01\/Ertha-02-1024x576.jpg 1024w, https:\/\/ertha.cz\/wp-content\/uploads\/2021\/01\/Ertha-02-300x169.jpg 300w, https:\/\/ertha.cz\/wp-content\/uploads\/2021\/01\/Ertha-02-768x432.jpg 768w, https:\/\/ertha.cz\/wp-content\/uploads\/2021\/01\/Ertha-02-678x381.jpg 678w\" sizes=\"(max-width: 1024px) 100vw, 1024px\" \/><\/figure><\/div>\n\n\n<p>The band made it through the second parental break unscathed and decided to take it as a creative sabbatical. They started planning a full-length album and made the first studio recordings in the summer of 2019. One of them, Guiding Star, was released in September of that year as a single to accompany the fantasy novel &#8216;Ritu\u00e1l&#8217;, co-written by Eyrah and Ereis. A return to touring in the spring of 2020 was cut short by the pandemic, but work on the album continued slowly, and in December they released their third and final single, Trollbound.<\/p>\n\n\n<div class=\"wp-block-image is-style-default\">\n<figure class=\"alignleft size-full is-resized\"><img loading=\"lazy\" decoding=\"async\" width=\"2560\" height=\"2001\" src=\"https:\/\/ertha.cz\/wp-content\/uploads\/2024\/04\/Ereis-2-orez-scaled.jpg\" alt=\"\" class=\"wp-image-1482\" style=\"width:260px\" srcset=\"https:\/\/ertha.cz\/wp-content\/uploads\/2024\/04\/Ereis-2-orez-scaled.jpg 2560w, https:\/\/ertha.cz\/wp-content\/uploads\/2024\/04\/Ereis-2-orez-300x234.jpg 300w, https:\/\/ertha.cz\/wp-content\/uploads\/2024\/04\/Ereis-2-orez-1024x800.jpg 1024w, https:\/\/ertha.cz\/wp-content\/uploads\/2024\/04\/Ereis-2-orez-768x600.jpg 768w, https:\/\/ertha.cz\/wp-content\/uploads\/2024\/04\/Ereis-2-orez-1536x1200.jpg 1536w, https:\/\/ertha.cz\/wp-content\/uploads\/2024\/04\/Ereis-2-orez-2048x1600.jpg 2048w\" sizes=\"(max-width: 2560px) 100vw, 2560px\" \/><\/figure><\/div>\n\n\n<p>The preparations culminated in the following year. The last guests arrived at the studio, new concert costumes and promo photos were created, Ereis worked on illustrations and graphics for the album. Once the recording was finished, guitarist Bran left the band to focus on his own project. The album &#8216;And the Stars Went Out&#8217; was released in December 2021, but the planned release party and tour had to be postponed indefinitely due to the difficult situation \u2013 Bran&#8217;s sudden departure, pandemic restrictions being in place and the third addition to the band&#8217;s nursery.<\/p>\n\n\n\n<div style=\"height:20px\" aria-hidden=\"true\" class=\"wp-block-spacer\"><\/div>\n\n\n\n<h4 class=\"wp-block-heading\">The present (2022-2024)<\/h4>\n\n\n<div class=\"wp-block-image\">\n<figure class=\"alignright size-full is-resized\"><img loading=\"lazy\" decoding=\"async\" width=\"4928\" height=\"3264\" src=\"https:\/\/ertha.cz\/wp-content\/uploads\/2021\/10\/DSC_0559-1-3.jpg\" alt=\"\" class=\"wp-image-1097\" style=\"width:300px\" srcset=\"https:\/\/ertha.cz\/wp-content\/uploads\/2021\/10\/DSC_0559-1-3.jpg 4928w, https:\/\/ertha.cz\/wp-content\/uploads\/2021\/10\/DSC_0559-1-3-300x199.jpg 300w, https:\/\/ertha.cz\/wp-content\/uploads\/2021\/10\/DSC_0559-1-3-768x509.jpg 768w, https:\/\/ertha.cz\/wp-content\/uploads\/2021\/10\/DSC_0559-1-3-1024x678.jpg 1024w\" sizes=\"(max-width: 4928px) 100vw, 4928px\" \/><\/figure><\/div>\n\n\n<p>The euphoria of finishing a long-prepared album was soon followed by the band starting a new chapter in their life the following year. Greg Jonson, who had been working with Ertha on various projects and contributed to the released album, temporarily took over as guitarist for live performances, but after a few months it was clear that he would stay permanently. In the summer of 2022, the band got to play at the GameCon festival, a fantastic event that kicked off further concert activity. Then in September, they released a new single, &#8216;Their Rules&#8217;, to go along with the fantasy novel &#8216;Trojice&#8217; by Eyrah and Ereis.<\/p>\n\n\n\n<p>Na podzim 2023 prob\u011bhl na brn\u011bnsk\u00e9 Melodce dlouho odkl\u00e1dan\u00fd k\u0159est alba And the Stars Went Out. Pl\u00e1novan\u00e9 turn\u00e9 kapela nakonec musela ze zdravotn\u00edch d\u016fvod\u016f razantn\u011b zkr\u00e1tit, mezit\u00edm v\u0161ak vznikla a st\u00e1le vznik\u00e1 \u0159ada jin\u00fdch v\u011bc\u00ed &#8211; od kapeln\u00edch tri\u010dek s motivem skladby Pilgrim p\u0159es nov\u00e9 skladby po videoklip k singlu Their Rules. P\u0159esto\u017ee zdravotn\u00ed pauza st\u00e1le trv\u00e1, kapela se u\u017e p\u0159ipravuje na p\u0159\u00ed\u0161t\u00ed koncerty a v pl\u00e1nu je toho je\u0161t\u011b mnohem v\u00edc.<\/p>\n\n\n\n<figure class=\"wp-block-image size-large\"><img loading=\"lazy\" decoding=\"async\" width=\"1024\" height=\"678\" src=\"https:\/\/ertha.cz\/wp-content\/uploads\/2024\/04\/DSC_0989-1-1024x678.jpg\" alt=\"\" class=\"wp-image-1483\" srcset=\"https:\/\/ertha.cz\/wp-content\/uploads\/2024\/04\/DSC_0989-1-1024x678.jpg 1024w, https:\/\/ertha.cz\/wp-content\/uploads\/2024\/04\/DSC_0989-1-300x199.jpg 300w, https:\/\/ertha.cz\/wp-content\/uploads\/2024\/04\/DSC_0989-1-768x509.jpg 768w, https:\/\/ertha.cz\/wp-content\/uploads\/2024\/04\/DSC_0989-1-1536x1017.jpg 1536w, https:\/\/ertha.cz\/wp-content\/uploads\/2024\/04\/DSC_0989-1-2048x1356.jpg 2048w\" sizes=\"(max-width: 1024px) 100vw, 1024px\" \/><\/figure>\n","protected":false},"excerpt":{"rendered":"<div class=\"mh-excerpt\"><p>Origins (2005-2008) The band was formed in Brno in 2005 when Eyrah wrote several songs for guitar and vocals, later adding piano to the mix, <a class=\"mh-excerpt-more\" href=\"https:\/\/ertha.cz\/gb\/biografie\/\" title=\"Bio\">[&#8230;]<\/a><\/p>\n<\/div>","protected":false},"author":3,"featured_media":0,"parent":0,"menu_order":0,"comment_status":"closed","ping_status":"closed","template":"","meta":{"footnotes":""},"translation":{"provider":"WPGlobus","version":"2.12.2","language":"gb","enabled_languages":["cz","gb"],"languages":{"cz":{"title":true,"content":true,"excerpt":false},"gb":{"title":true,"content":true,"excerpt":false}}},"_links":{"self":[{"href":"https:\/\/ertha.cz\/gb\/wp-json\/wp\/v2\/pages\/811"}],"collection":[{"href":"https:\/\/ertha.cz\/gb\/wp-json\/wp\/v2\/pages"}],"about":[{"href":"https:\/\/ertha.cz\/gb\/wp-json\/wp\/v2\/types\/page"}],"author":[{"embeddable":true,"href":"https:\/\/ertha.cz\/gb\/wp-json\/wp\/v2\/users\/3"}],"replies":[{"embeddable":true,"href":"https:\/\/ertha.cz\/gb\/wp-json\/wp\/v2\/comments?post=811"}],"version-history":[{"count":32,"href":"https:\/\/ertha.cz\/gb\/wp-json\/wp\/v2\/pages\/811\/revisions"}],"predecessor-version":[{"id":1495,"href":"https:\/\/ertha.cz\/gb\/wp-json\/wp\/v2\/pages\/811\/revisions\/1495"}],"wp:attachment":[{"href":"https:\/\/ertha.cz\/gb\/wp-json\/wp\/v2\/media?parent=811"}],"curies":[{"name":"wp","href":"https:\/\/api.w.org\/{rel}","templated":true}]}}