{"id":803,"date":"2021-01-23T22:24:19","date_gmt":"2021-01-23T21:24:19","guid":{"rendered":"https:\/\/ertha.cz\/?page_id=803"},"modified":"2022-11-02T22:37:03","modified_gmt":"2022-11-02T21:37:03","slug":"kdo-jsme","status":"publish","type":"page","link":"https:\/\/ertha.cz\/gb\/kdo-jsme\/","title":{"rendered":"Kdo jsme"},"content":{"rendered":"\n<div style=\"height:20px\" aria-hidden=\"true\" class=\"wp-block-spacer\"><\/div>\n\n\n\n<ul class=\"wp-block-gallery columns-2 is-cropped wp-block-gallery-1 is-layout-flex wp-block-gallery-is-layout-flex\"><li class=\"blocks-gallery-item\"><figure><img loading=\"lazy\" decoding=\"async\" width=\"1024\" height=\"678\" src=\"https:\/\/ertha.cz\/wp-content\/uploads\/2021\/10\/DSC_0495-1-1024x678.jpg\" alt=\"\" data-id=\"1132\" data-link=\"https:\/\/ertha.cz\/kdo-jsme\/attachment\/dsc_0495-1\/\" class=\"wp-image-1132\" srcset=\"https:\/\/ertha.cz\/wp-content\/uploads\/2021\/10\/DSC_0495-1-1024x678.jpg 1024w, https:\/\/ertha.cz\/wp-content\/uploads\/2021\/10\/DSC_0495-1-300x199.jpg 300w, https:\/\/ertha.cz\/wp-content\/uploads\/2021\/10\/DSC_0495-1-768x509.jpg 768w\" sizes=\"(max-width: 1024px) 100vw, 1024px\" \/><figcaption><strong>Ereis<\/strong><br> <em>zp\u011bv, fl\u00e9tna, harfa<\/em> <\/figcaption><\/figure><\/li><li class=\"blocks-gallery-item\"><figure><img loading=\"lazy\" decoding=\"async\" width=\"1024\" height=\"678\" src=\"https:\/\/ertha.cz\/wp-content\/uploads\/2021\/10\/DSC_0521-1-3-1024x678.jpg\" alt=\"\" data-id=\"1122\" data-link=\"https:\/\/ertha.cz\/dsc_0521-1-3\/\" class=\"wp-image-1122\" srcset=\"https:\/\/ertha.cz\/wp-content\/uploads\/2021\/10\/DSC_0521-1-3-1024x678.jpg 1024w, https:\/\/ertha.cz\/wp-content\/uploads\/2021\/10\/DSC_0521-1-3-300x199.jpg 300w, https:\/\/ertha.cz\/wp-content\/uploads\/2021\/10\/DSC_0521-1-3-768x509.jpg 768w\" sizes=\"(max-width: 1024px) 100vw, 1024px\" \/><figcaption> <strong>Eyrah<\/strong><br><em>baskytara, kytara, zp\u011bv<\/em><\/figcaption><\/figure><\/li><\/ul>\n\n\n\n<ul class=\"wp-block-gallery columns-3 is-cropped wp-block-gallery-2 is-layout-flex wp-block-gallery-is-layout-flex\"><li class=\"blocks-gallery-item\"><figure><img loading=\"lazy\" decoding=\"async\" width=\"1024\" height=\"678\" src=\"https:\/\/ertha.cz\/wp-content\/uploads\/2021\/10\/DSC_0437-1-1024x678.jpg\" alt=\"\" data-id=\"1112\" data-link=\"https:\/\/ertha.cz\/dsc_0437-1\/\" class=\"wp-image-1112\" srcset=\"https:\/\/ertha.cz\/wp-content\/uploads\/2021\/10\/DSC_0437-1-1024x678.jpg 1024w, https:\/\/ertha.cz\/wp-content\/uploads\/2021\/10\/DSC_0437-1-300x199.jpg 300w, https:\/\/ertha.cz\/wp-content\/uploads\/2021\/10\/DSC_0437-1-768x509.jpg 768w\" sizes=\"(max-width: 1024px) 100vw, 1024px\" \/><figcaption> <strong>Zelda<\/strong><br><em>housle, p\u0159\u00ed\u010dn\u00e1 fl\u00e9tna, growl, zp\u011bv<\/em><\/figcaption><\/figure><\/li><li class=\"blocks-gallery-item\"><figure><img loading=\"lazy\" decoding=\"async\" width=\"1024\" height=\"678\" src=\"https:\/\/ertha.cz\/wp-content\/uploads\/2021\/10\/DSC_0406-1-2-1024x678.jpg\" alt=\"\" data-id=\"1131\" data-link=\"https:\/\/ertha.cz\/kdo-jsme\/attachment\/dsc_0406-1-2\/\" class=\"wp-image-1131\" srcset=\"https:\/\/ertha.cz\/wp-content\/uploads\/2021\/10\/DSC_0406-1-2-1024x678.jpg 1024w, https:\/\/ertha.cz\/wp-content\/uploads\/2021\/10\/DSC_0406-1-2-300x199.jpg 300w, https:\/\/ertha.cz\/wp-content\/uploads\/2021\/10\/DSC_0406-1-2-768x509.jpg 768w\" sizes=\"(max-width: 1024px) 100vw, 1024px\" \/><figcaption> <strong>Petr<\/strong><br><em>kl\u00e1vesy<\/em> <\/figcaption><\/figure><\/li><li class=\"blocks-gallery-item\"><figure><img loading=\"lazy\" decoding=\"async\" width=\"1024\" height=\"766\" src=\"https:\/\/ertha.cz\/wp-content\/uploads\/2022\/11\/Greg-05-uprav-1-1024x766.jpg\" alt=\"\" data-id=\"1286\" data-link=\"https:\/\/ertha.cz\/kdo-jsme\/attachment\/greg-05-uprav-1\/\" class=\"wp-image-1286\" srcset=\"https:\/\/ertha.cz\/wp-content\/uploads\/2022\/11\/Greg-05-uprav-1-1024x766.jpg 1024w, https:\/\/ertha.cz\/wp-content\/uploads\/2022\/11\/Greg-05-uprav-1-300x224.jpg 300w, https:\/\/ertha.cz\/wp-content\/uploads\/2022\/11\/Greg-05-uprav-1-768x575.jpg 768w, https:\/\/ertha.cz\/wp-content\/uploads\/2022\/11\/Greg-05-uprav-1-326x245.jpg 326w, https:\/\/ertha.cz\/wp-content\/uploads\/2022\/11\/Greg-05-uprav-1-80x60.jpg 80w\" sizes=\"(max-width: 1024px) 100vw, 1024px\" \/><figcaption><strong>Greg<\/strong><br><em>kytary, growl, zp\u011bv<\/em><\/figcaption><\/figure><\/li><\/ul>\n\n\n\n<div style=\"height:34px\" aria-hidden=\"true\" class=\"wp-block-spacer\"><\/div>\n\n\n\n<h4 class=\"wp-block-heading\">V minulosti s n\u00e1mi hr\u00e1li:<\/h4>\n\n\n\n<ul><li>Hanka <em>(klav\u00edr)<\/em> 2005-2006<\/li><li> Lori <em>(kl\u00e1vesy, zp\u011bv)<\/em> 2006-2008 <\/li><li> nemo <em>(kytary)<\/em> 2006-2008 <\/li><li> R\u016f\u017emen <em>(p\u0159\u00ed\u010dn\u00e1 fl\u00e9tna)<\/em> 2006-2009 <\/li><li> Orvin <em>(bic\u00ed)<\/em> 2008-2011 <\/li><li> Marcus <em>(kytara)<\/em> 2008-2011 <\/li><li> Rea <em>(kl\u00e1vesy)<\/em> 2010-2011, 2014 <\/li><li> Sa\u0148our <em>(fl\u00e9tny, zp\u011bv)<\/em> 2010-2011 <\/li><li> Arandi <em>(kl\u00e1vesy) <\/em>2011-2012 <\/li><li> Martin <em>(kytary) <\/em>2011-2012 <\/li><li> Heinrich <em>(fl\u00e9tny) <\/em>2011-2012 <\/li><li> Goira <em>(kl\u00e1vesy) <\/em>2012-2013 <\/li><li> Petr<em> (bic\u00ed) <\/em>2014 <\/li><li>Bran<em> (kytara)<\/em> 2017-2020<\/li><\/ul>\n\n\n\n<p><\/p>\n","protected":false},"excerpt":{"rendered":"<div class=\"mh-excerpt\"><p>V minulosti s n\u00e1mi hr\u00e1li: Hanka (klav\u00edr) 2005-2006 Lori (kl\u00e1vesy, zp\u011bv) 2006-2008 nemo (kytary) 2006-2008 R\u016f\u017emen (p\u0159\u00ed\u010dn\u00e1 fl\u00e9tna) 2006-2009 Orvin (bic\u00ed) 2008-2011 Marcus (kytara) 2008-2011 <a class=\"mh-excerpt-more\" href=\"https:\/\/ertha.cz\/gb\/kdo-jsme\/\" title=\"Kdo jsme\">[&#8230;]<\/a><\/p>\n<\/div>","protected":false},"author":3,"featured_media":0,"parent":0,"menu_order":0,"comment_status":"closed","ping_status":"closed","template":"template-full.php","meta":{"footnotes":""},"translation":{"provider":"WPGlobus","version":"2.12.2","language":"gb","enabled_languages":["cz","gb"],"languages":{"cz":{"title":true,"content":true,"excerpt":false},"gb":{"title":false,"content":false,"excerpt":false}}},"_links":{"self":[{"href":"https:\/\/ertha.cz\/gb\/wp-json\/wp\/v2\/pages\/803"}],"collection":[{"href":"https:\/\/ertha.cz\/gb\/wp-json\/wp\/v2\/pages"}],"about":[{"href":"https:\/\/ertha.cz\/gb\/wp-json\/wp\/v2\/types\/page"}],"author":[{"embeddable":true,"href":"https:\/\/ertha.cz\/gb\/wp-json\/wp\/v2\/users\/3"}],"replies":[{"embeddable":true,"href":"https:\/\/ertha.cz\/gb\/wp-json\/wp\/v2\/comments?post=803"}],"version-history":[{"count":8,"href":"https:\/\/ertha.cz\/gb\/wp-json\/wp\/v2\/pages\/803\/revisions"}],"predecessor-version":[{"id":1288,"href":"https:\/\/ertha.cz\/gb\/wp-json\/wp\/v2\/pages\/803\/revisions\/1288"}],"wp:attachment":[{"href":"https:\/\/ertha.cz\/gb\/wp-json\/wp\/v2\/media?parent=803"}],"curies":[{"name":"wp","href":"https:\/\/api.w.org\/{rel}","templated":true}]}}