{"id":679,"date":"2021-04-20T21:29:58","date_gmt":"2021-04-20T19:29:58","guid":{"rendered":"https:\/\/ertha.cz\/?page_id=679"},"modified":"2025-03-29T23:50:16","modified_gmt":"2025-03-29T22:50:16","slug":"hudba","status":"publish","type":"page","link":"https:\/\/ertha.cz\/gb\/hudba\/","title":{"rendered":"Hudba"},"content":{"rendered":"\n<div style=\"height:30px\" aria-hidden=\"true\" class=\"wp-block-spacer\"><\/div>\n\n\n\n<p>Zde najdete p\u0159ehled v\u0161ech dosud zve\u0159ejn\u011bn\u00fdch skladeb s jejich texty a d\u016fle\u017eit\u00fdmi i zcela nepodstatn\u00fdmi informacemi.<\/p>\n\n\n\n<div style=\"height:20px\" aria-hidden=\"true\" class=\"wp-block-spacer\"><\/div>\n\n\n\n<figure class=\"wp-block-embed alignright is-type-video is-provider-youtube wp-block-embed-youtube wp-embed-aspect-16-9 wp-has-aspect-ratio\"><div class=\"wp-block-embed__wrapper\">\n<iframe loading=\"lazy\" title=\"Ertha - Their Rules (lyrics video)\" width=\"500\" height=\"281\" src=\"https:\/\/www.youtube.com\/embed\/rGAkGIwarlY?feature=oembed\" frameborder=\"0\" allow=\"accelerometer; autoplay; clipboard-write; encrypted-media; gyroscope; picture-in-picture; web-share\" referrerpolicy=\"strict-origin-when-cross-origin\" allowfullscreen><\/iframe>\n<\/div><\/figure>\n\n\n\n<p><a href=\"https:\/\/ertha.cz\/aalo\/\">Aalo<\/a> (2015, instrument\u00e1ln\u00ed)<\/p>\n\n\n\n<p><a href=\"https:\/\/ertha.cz\/angel\/\">Angel<\/a> (2010, AtSWO 2021)<\/p>\n\n\n\n<p><a href=\"https:\/\/ertha.cz\/deaths-eve\/\">Death&#8217;s Eve<\/a> (2011)<\/p>\n\n\n\n<p><a href=\"https:\/\/ertha.cz\/dominus-hominum\/\">Dominus Hominum<\/a> (2006, EP 2011, AtSWO 2021)<\/p>\n\n\n\n<p><a href=\"https:\/\/ertha.cz\/feral\/\">Feral<\/a> (2010)<\/p>\n\n\n\n<p><a href=\"https:\/\/ertha.cz\/guiding-star\/\">Guiding Star<\/a> (2019, singl, AtSWO 2021)<\/p>\n\n\n\n<figure class=\"wp-block-embed alignright is-type-video is-provider-youtube wp-block-embed-youtube wp-embed-aspect-16-9 wp-has-aspect-ratio\"><div class=\"wp-block-embed__wrapper\">\n<iframe loading=\"lazy\" title=\"Ertha - Trollbound (lyrics video)\" width=\"500\" height=\"281\" src=\"https:\/\/www.youtube.com\/embed\/xXtF_XZZiXk?feature=oembed\" frameborder=\"0\" allow=\"accelerometer; autoplay; clipboard-write; encrypted-media; gyroscope; picture-in-picture; web-share\" referrerpolicy=\"strict-origin-when-cross-origin\" allowfullscreen><\/iframe>\n<\/div><\/figure>\n\n\n\n<p><a href=\"https:\/\/ertha.cz\/heavenless\/\">Heavenless<\/a> (2005, AtSWO 2021)<\/p>\n\n\n\n<p><a href=\"https:\/\/ertha.cz\/i-have-dreamt-about-this-land\/\">I have Dreamt about this Land<\/a> (2006)<\/p>\n\n\n\n<p><a href=\"https:\/\/ertha.cz\/kuolemaan\/\">Kuolemaan<\/a> (2015)<\/p>\n\n\n\n<p><a href=\"https:\/\/ertha.cz\/lost-grace\/\">Lost Grace<\/a> (2006, AtSWO 2021)<\/p>\n\n\n\n<p><a href=\"https:\/\/ertha.cz\/metsaihin\/\">Mets\u00e4ihin<\/a> (2015)<\/p>\n\n\n\n<figure class=\"wp-block-embed alignright is-type-video is-provider-youtube wp-block-embed-youtube wp-embed-aspect-16-9 wp-has-aspect-ratio\"><div class=\"wp-block-embed__wrapper\">\n<iframe loading=\"lazy\" title=\"Guiding Star (Ritual theme song)\" width=\"500\" height=\"281\" src=\"https:\/\/www.youtube.com\/embed\/ZV6tp498PYE?feature=oembed\" frameborder=\"0\" allow=\"accelerometer; autoplay; clipboard-write; encrypted-media; gyroscope; picture-in-picture; web-share\" referrerpolicy=\"strict-origin-when-cross-origin\" allowfullscreen><\/iframe>\n<\/div><\/figure>\n\n\n\n<p><a href=\"https:\/\/ertha.cz\/phoenix\/\">Phoenix <\/a>(2023)<\/p>\n\n\n\n<p><a href=\"https:\/\/ertha.cz\/pilgrim\/\">Pilgrim<\/a> (2012, singl, AtSWO 2021)<\/p>\n\n\n\n<p><a href=\"https:\/\/ertha.cz\/rain-of-memories\/\">Rain of Memories<\/a> (2006)<\/p>\n\n\n\n<p><a href=\"https:\/\/ertha.cz\/resurrected\/\">Resurrected<\/a> (2009, EP 2011, AtSWO 2021)<\/p>\n\n\n\n<p><a href=\"https:\/\/ertha.cz\/skymningen\/\">Skymningen<\/a> (2020, AtSWO 2021)<\/p>\n\n\n\n<p><a href=\"https:\/\/ertha.cz\/their-rules\/\">Their Rules<\/a> (2022, singl)<\/p>\n\n\n\n<p><a href=\"https:\/\/ertha.cz\/trollbound\/\">Trollbound<\/a> (2012, singl, AtSWO 2021)<\/p>\n\n\n\n<p><a href=\"https:\/\/ertha.cz\/voiceless-flute\/\">Voiceless Flute<\/a> (2006, EP 2011, AtSWO 2021)<\/p>\n\n\n\n<p><a href=\"https:\/\/ertha.cz\/where-the-wolves-are\/\">Where the Wolves Are<\/a> (2010, AtSWO 2021)<\/p>\n\n\n\n<p><a href=\"https:\/\/ertha.cz\/you-were-there\/\">You Were There<\/a> (2006, EP 2011)<\/p>\n","protected":false},"excerpt":{"rendered":"<div class=\"mh-excerpt\"><p>Zde najdete p\u0159ehled v\u0161ech dosud zve\u0159ejn\u011bn\u00fdch skladeb s jejich texty a d\u016fle\u017eit\u00fdmi i zcela nepodstatn\u00fdmi informacemi. Aalo (2015, instrument\u00e1ln\u00ed) Angel (2010, AtSWO 2021) Death&#8217;s Eve <a class=\"mh-excerpt-more\" href=\"https:\/\/ertha.cz\/gb\/hudba\/\" title=\"Hudba\">[&#8230;]<\/a><\/p>\n<\/div>","protected":false},"author":2,"featured_media":0,"parent":0,"menu_order":0,"comment_status":"closed","ping_status":"closed","template":"","meta":{"footnotes":""},"translation":{"provider":"WPGlobus","version":"2.12.2","language":"gb","enabled_languages":["cz","gb"],"languages":{"cz":{"title":true,"content":true,"excerpt":false},"gb":{"title":false,"content":false,"excerpt":false}}},"_links":{"self":[{"href":"https:\/\/ertha.cz\/gb\/wp-json\/wp\/v2\/pages\/679"}],"collection":[{"href":"https:\/\/ertha.cz\/gb\/wp-json\/wp\/v2\/pages"}],"about":[{"href":"https:\/\/ertha.cz\/gb\/wp-json\/wp\/v2\/types\/page"}],"author":[{"embeddable":true,"href":"https:\/\/ertha.cz\/gb\/wp-json\/wp\/v2\/users\/2"}],"replies":[{"embeddable":true,"href":"https:\/\/ertha.cz\/gb\/wp-json\/wp\/v2\/comments?post=679"}],"version-history":[{"count":33,"href":"https:\/\/ertha.cz\/gb\/wp-json\/wp\/v2\/pages\/679\/revisions"}],"predecessor-version":[{"id":1544,"href":"https:\/\/ertha.cz\/gb\/wp-json\/wp\/v2\/pages\/679\/revisions\/1544"}],"wp:attachment":[{"href":"https:\/\/ertha.cz\/gb\/wp-json\/wp\/v2\/media?parent=679"}],"curies":[{"name":"wp","href":"https:\/\/api.w.org\/{rel}","templated":true}]}}