{"id":1540,"date":"2025-03-29T23:40:34","date_gmt":"2025-03-29T22:40:34","guid":{"rendered":"https:\/\/ertha.cz\/?page_id=1540"},"modified":"2025-03-29T23:41:28","modified_gmt":"2025-03-29T22:41:28","slug":"phoenix","status":"publish","type":"page","link":"https:\/\/ertha.cz\/gb\/phoenix\/","title":{"rendered":"Phoenix"},"content":{"rendered":"\n<p>Hudba: Eyrah, Ertha 2023<br>Text: Eyrah 2011<br>Prvn\u00ed verzi t\u00e9hle skladby napsal Eyrah v roce 2011, ale dlouh\u00e1 l\u00e9ta le\u017eela nedokon\u010den\u00e1 u ledu. V jej\u00edm \u00favodu je mo\u017eno vid\u011bt Grega v netradi\u010dn\u00ed roli metalov\u00e9ho dirigenta.<\/p>\n\n\n\n<hr class=\"wp-block-separator has-alpha-channel-opacity\" id=\"block-400eff3f-079e-4ead-87e1-90ec947f772e\"\/>\n\n\n\n<div style=\"height:40px\" aria-hidden=\"true\" class=\"wp-block-spacer\"><\/div>\n\n\n\n<h4 class=\"wp-block-heading\">Text:<\/h4>\n\n\n\n<p> <em>What life are we supposed to live<br>So that Death would hide his face in shame<br>And the ferryman on the river Styx<br>Would lead his boat from the shore<br>Crying\u2026<\/em><\/p>\n\n\n\n<p>I have turned away from the past<br>I see no more the first stars<br>I don\u2019t hear the stories the fathers told<br>Nor can I read from the birds\u2019 flight<\/p>\n\n\n\n<p>I can\u2019t look up at the sky<br>I play hide and seek with the light<br>What will make me worth living<br>Worth living this life forever?<\/p>\n\n\n\n<p>Ref.:<br>From the ashes to innocence,<br>From the human to the divine<br>Longing for purity<br>It burns till death<br>I have betrayed myself<br>So many times,<br>Will it save me?<\/p>\n\n\n\n<p>Should my soul be whispering wind,<br>Weeping earth, solemn sea?<br>To hunt with wolves, to crawl with snakes,<br>Will it make me stay?<\/p>\n\n\n\n<p>Ref.<\/p>\n\n\n\n<p>This moment is all I possess.<br>Should I let it go?<br>Stride out towards the ocean<br>And put the flame within to sleep?<\/p>\n\n\n\n<p>Thirty silvery coins<br>And a kiss on my own cheek<br>I\u2019d better devour them all<br>And take the last farewell\u2026<\/p>\n\n\n\n<p>Ref. <\/p>\n\n\n\n<div style=\"height:20px\" aria-hidden=\"true\" class=\"wp-block-spacer\"><\/div>\n\n\n\n<p><a href=\"https:\/\/ertha.cz\/hudba\/\" data-type=\"link\" data-id=\"https:\/\/ertha.cz\/hudba\/\">zp\u011bt<\/a><\/p>\n","protected":false},"excerpt":{"rendered":"<div class=\"mh-excerpt\"><p>Hudba: Eyrah, Ertha 2023Text: Eyrah 2011Prvn\u00ed verzi t\u00e9hle skladby napsal Eyrah v roce 2011, ale dlouh\u00e1 l\u00e9ta le\u017eela nedokon\u010den\u00e1 u ledu. V jej\u00edm \u00favodu je <a class=\"mh-excerpt-more\" href=\"https:\/\/ertha.cz\/gb\/phoenix\/\" title=\"Phoenix\">[&#8230;]<\/a><\/p>\n<\/div>","protected":false},"author":3,"featured_media":0,"parent":0,"menu_order":0,"comment_status":"closed","ping_status":"closed","template":"","meta":{"footnotes":""},"translation":{"provider":"WPGlobus","version":"2.12.2","language":"gb","enabled_languages":["cz","gb"],"languages":{"cz":{"title":true,"content":true,"excerpt":false},"gb":{"title":false,"content":false,"excerpt":false}}},"_links":{"self":[{"href":"https:\/\/ertha.cz\/gb\/wp-json\/wp\/v2\/pages\/1540"}],"collection":[{"href":"https:\/\/ertha.cz\/gb\/wp-json\/wp\/v2\/pages"}],"about":[{"href":"https:\/\/ertha.cz\/gb\/wp-json\/wp\/v2\/types\/page"}],"author":[{"embeddable":true,"href":"https:\/\/ertha.cz\/gb\/wp-json\/wp\/v2\/users\/3"}],"replies":[{"embeddable":true,"href":"https:\/\/ertha.cz\/gb\/wp-json\/wp\/v2\/comments?post=1540"}],"version-history":[{"count":2,"href":"https:\/\/ertha.cz\/gb\/wp-json\/wp\/v2\/pages\/1540\/revisions"}],"predecessor-version":[{"id":1542,"href":"https:\/\/ertha.cz\/gb\/wp-json\/wp\/v2\/pages\/1540\/revisions\/1542"}],"wp:attachment":[{"href":"https:\/\/ertha.cz\/gb\/wp-json\/wp\/v2\/media?parent=1540"}],"curies":[{"name":"wp","href":"https:\/\/api.w.org\/{rel}","templated":true}]}}