{"id":1277,"date":"2022-10-02T22:53:55","date_gmt":"2022-10-02T20:53:55","guid":{"rendered":"https:\/\/ertha.cz\/?page_id=1277"},"modified":"2022-10-02T22:53:56","modified_gmt":"2022-10-02T20:53:56","slug":"their-rules","status":"publish","type":"page","link":"https:\/\/ertha.cz\/gb\/their-rules\/","title":{"rendered":"Their Rules"},"content":{"rendered":"\n<p>Hudba: Greg Johnson, Ereis 2022<br>Text: Ereis, Eyrah 2022<br>Vyd\u00e1no jako zvl\u00e1\u0161tn\u00ed online singl v roce 2022.<br>Skladba <em>Their Rules<\/em> vznikla na motivy a u p\u0159\u00edle\u017eitosti vyd\u00e1n\u00ed fantasy rom\u00e1nu <em>Trojice<\/em> Eyraha a Ereis. Navazuje z\u00e1rove\u0148 na p\u00edse\u0148 <em>Guiding Star<\/em>, kter\u00e1 doprovodila prvn\u00ed d\u00edl t\u00e9to kni\u017en\u00ed s\u00e9rie. V\u00edce o knize <a rel=\"noreferrer noopener\" aria-label=\" (otev\u0159e se na nov\u00e9 z\u00e1lo\u017ece)\" href=\"https:\/\/www.hostbrno.cz\/trojice\/\" target=\"_blank\">zde<\/a>. <\/p>\n\n\n\n<hr class=\"wp-block-separator\"\/>\n\n\n\n<div style=\"height:40px\" aria-hidden=\"true\" class=\"wp-block-spacer\"><\/div>\n\n\n\n<h4 class=\"wp-block-heading\">Text:<\/h4>\n\n\n\n<p>Far, far away from you<br>Is the world you once knew<br>Lost in shadows<br>You wake up from the dream at dawn<br>Feeling all is gone<br>Your path is clear so why do you ask<br>Why these tears neath the darkened sky<\/p>\n\n\n\n<p>Ref.:<br>Skies falling<br>as all the stars went out<br>And none is left to guide you out of the doubt<br>To tell right from wrong<br>Through winds, through storms, a never-ending song<br>Chasing a dream<br>You still believe to be<br>more than just fantasy<\/p>\n\n\n\n<p>As on this road you roam<br>You are on your own<br>A restless swallow<br>And all the things you thought were real<br>Slowly disappear<br>Sacrificed in the choices you\u2019ve made<br>Keep them close until they fade<\/p>\n\n\n\n<p>Ref.:<br>Skies falling<br>As all the stars went out<br>And none is left to guide you out of the doubt<br>To tell right from wrong<br>Through winds, through storms, a never-ending song<br>Chasing a dream<br>Though you begin to see<br>The world we live is not for fantasies<br>And all this time you tried<br>On your own to decide<br>But in this game, you only play a part<\/p>\n\n\n\n<p><em>In the cold starless night<br>You walk alone<br>On the path marked out by the light<br>Of laws carved in stone<br>You don\u2019t need to see the end<br>That was chosen for your fate<br>In the plans of the mastermind<br>You are nothing but the role you play<\/em><\/p>\n\n\n\n<p>Leave behind the hopes of a child<br>There is more to see and more to understand<br>Come, embrace the truth:<br>The rules are made to be<br>In someone else\u2019s hands<\/p>\n\n\n\n<p><em>In your loss and sorrow<br>Never fall into despair<br>Open the door, take in the pain<br>You are the scars you bear<\/em><br>(Face your fears and dry the tears<br>Your fate is real<br>Leave the stars and wear the scars<br>And hope they\u2019ll heal)<\/p>\n\n\n\n<div style=\"height:20px\" aria-hidden=\"true\" class=\"wp-block-spacer\"><\/div>\n\n\n\n<p><a href=\"https:\/\/ertha.cz\/hudba\/\" data-type=\"link\" data-id=\"https:\/\/ertha.cz\/hudba\/\">zp\u011bt<\/a><\/p>\n","protected":false},"excerpt":{"rendered":"<div class=\"mh-excerpt\"><p>Hudba: Greg Johnson, Ereis 2022Text: Ereis, Eyrah 2022Vyd\u00e1no jako zvl\u00e1\u0161tn\u00ed online singl v roce 2022.Skladba Their Rules vznikla na motivy a u p\u0159\u00edle\u017eitosti vyd\u00e1n\u00ed fantasy <a class=\"mh-excerpt-more\" href=\"https:\/\/ertha.cz\/gb\/their-rules\/\" title=\"Their Rules\">[&#8230;]<\/a><\/p>\n<\/div>","protected":false},"author":3,"featured_media":0,"parent":0,"menu_order":0,"comment_status":"closed","ping_status":"closed","template":"","meta":{"footnotes":""},"translation":{"provider":"WPGlobus","version":"2.12.2","language":"gb","enabled_languages":["cz","gb"],"languages":{"cz":{"title":true,"content":true,"excerpt":false},"gb":{"title":false,"content":false,"excerpt":false}}},"_links":{"self":[{"href":"https:\/\/ertha.cz\/gb\/wp-json\/wp\/v2\/pages\/1277"}],"collection":[{"href":"https:\/\/ertha.cz\/gb\/wp-json\/wp\/v2\/pages"}],"about":[{"href":"https:\/\/ertha.cz\/gb\/wp-json\/wp\/v2\/types\/page"}],"author":[{"embeddable":true,"href":"https:\/\/ertha.cz\/gb\/wp-json\/wp\/v2\/users\/3"}],"replies":[{"embeddable":true,"href":"https:\/\/ertha.cz\/gb\/wp-json\/wp\/v2\/comments?post=1277"}],"version-history":[{"count":2,"href":"https:\/\/ertha.cz\/gb\/wp-json\/wp\/v2\/pages\/1277\/revisions"}],"predecessor-version":[{"id":1279,"href":"https:\/\/ertha.cz\/gb\/wp-json\/wp\/v2\/pages\/1277\/revisions\/1279"}],"wp:attachment":[{"href":"https:\/\/ertha.cz\/gb\/wp-json\/wp\/v2\/media?parent=1277"}],"curies":[{"name":"wp","href":"https:\/\/api.w.org\/{rel}","templated":true}]}}