{"id":1153,"date":"2022-01-22T23:09:21","date_gmt":"2022-01-22T22:09:21","guid":{"rendered":"https:\/\/ertha.cz\/?page_id=1153"},"modified":"2022-01-22T23:09:21","modified_gmt":"2022-01-22T22:09:21","slug":"lost-grace","status":"publish","type":"page","link":"https:\/\/ertha.cz\/gb\/lost-grace\/","title":{"rendered":"Lost Grace"},"content":{"rendered":"\n<p>Hudba: Eyrah, Ereis 2006<br>Text: Eyrah 2005<br>Vyd\u00e1no v roce 2021 na albu And the Stars Went Out.<br>Jedna z nejepi\u010dt\u011bj\u0161\u00edch a nejsymfoni\u010dt\u011bj\u0161\u00edch skladeb kapeln\u00edho d\u00e1vnov\u011bku. Jako jedna z m\u00e1la se od doby sv\u00e9ho vzniku prakticky nezm\u011bnila.<\/p>\n\n\n\n<hr class=\"wp-block-separator\"\/>\n\n\n\n<div style=\"height:40px\" aria-hidden=\"true\" class=\"wp-block-spacer\"><\/div>\n\n\n\n<h4 class=\"wp-block-heading\">Text:<\/h4>\n\n\n\n<p>Once so lost in the other\u2019s dream,<br>the last of those who have found the key,<br>sailing home down, down this stream,<br>I will be the last one to flee\u2026<br>If I, oh, I were that stream,<br>my waves would caress this land in sheen\u2026<\/p>\n\n\n\n<p>Wounds of the past will never more heal<br>but for a cure I would sell my soul,<br>soul of loneliness, heart of fear,<br>in awaiting for the morrow\u2026<br>If I, oh, I had that soul,<br>I would sell my love of a black widow\u2026<\/p>\n\n\n\n<p>I see a knight bowing to his queen,<br>a tear is falling from her eye,<br>our song is calling, calling for the never seen,<br>don\u2019t you hear your enemies\u2019 cry?<br>If I could sing that song of death,<br>I would sound for it till my last breath\u2026<\/p>\n\n\n\n<p>I\u2019ve known the love, the hate, the sorrow,<br>all the diseases of my kin,<br>now please relieve me from morrow<br>and let me pay for my sin\u2026<br>If I, oh, I could only pray,<br>I would turn and I would just say\u2026<\/p>\n\n\n\n<p>If I, oh I, if I\u2019m born one more time,<br>I shall try to find my lost grace,<br>neither by sword nor by flame<br>but in you, in my prayers\u2026<\/p>\n\n\n\n<p>My love, forgive the stream, the soul, the sin,<br>let your memory live deep within\u2026<\/p>\n\n\n\n<p>My love, forgive the stream, the soul, the sin,<br>let your memory live deep within\u2026<\/p>\n\n\n\n<p>My love, forgive the stream, the soul, the sin,<br>let your memory live deep within\u2026<\/p>\n\n\n\n<p>My love, forgive the stream, the soul, the sin,<br>let our memory live deep within\u2026<\/p>\n\n\n\n<div style=\"height:20px\" aria-hidden=\"true\" class=\"wp-block-spacer\"><\/div>\n\n\n\n<p><a href=\"https:\/\/ertha.cz\/hudba\/\" data-type=\"link\" data-id=\"https:\/\/ertha.cz\/hudba\/\">zp\u011bt<\/a><\/p>\n","protected":false},"excerpt":{"rendered":"<div class=\"mh-excerpt\"><p>Hudba: Eyrah, Ereis 2006Text: Eyrah 2005Vyd\u00e1no v roce 2021 na albu And the Stars Went Out.Jedna z nejepi\u010dt\u011bj\u0161\u00edch a nejsymfoni\u010dt\u011bj\u0161\u00edch skladeb kapeln\u00edho d\u00e1vnov\u011bku. Jako jedna <a class=\"mh-excerpt-more\" href=\"https:\/\/ertha.cz\/gb\/lost-grace\/\" title=\"Lost Grace\">[&#8230;]<\/a><\/p>\n<\/div>","protected":false},"author":3,"featured_media":0,"parent":0,"menu_order":0,"comment_status":"closed","ping_status":"closed","template":"","meta":{"footnotes":""},"translation":{"provider":"WPGlobus","version":"2.12.2","language":"gb","enabled_languages":["cz","gb"],"languages":{"cz":{"title":true,"content":true,"excerpt":false},"gb":{"title":false,"content":false,"excerpt":false}}},"_links":{"self":[{"href":"https:\/\/ertha.cz\/gb\/wp-json\/wp\/v2\/pages\/1153"}],"collection":[{"href":"https:\/\/ertha.cz\/gb\/wp-json\/wp\/v2\/pages"}],"about":[{"href":"https:\/\/ertha.cz\/gb\/wp-json\/wp\/v2\/types\/page"}],"author":[{"embeddable":true,"href":"https:\/\/ertha.cz\/gb\/wp-json\/wp\/v2\/users\/3"}],"replies":[{"embeddable":true,"href":"https:\/\/ertha.cz\/gb\/wp-json\/wp\/v2\/comments?post=1153"}],"version-history":[{"count":3,"href":"https:\/\/ertha.cz\/gb\/wp-json\/wp\/v2\/pages\/1153\/revisions"}],"predecessor-version":[{"id":1241,"href":"https:\/\/ertha.cz\/gb\/wp-json\/wp\/v2\/pages\/1153\/revisions\/1241"}],"wp:attachment":[{"href":"https:\/\/ertha.cz\/gb\/wp-json\/wp\/v2\/media?parent=1153"}],"curies":[{"name":"wp","href":"https:\/\/api.w.org\/{rel}","templated":true}]}}