{"id":1135,"date":"2021-11-20T23:54:37","date_gmt":"2021-11-20T22:54:37","guid":{"rendered":"https:\/\/ertha.cz\/?page_id=1135"},"modified":"2023-12-02T22:34:23","modified_gmt":"2023-12-02T21:34:23","slug":"obchod","status":"publish","type":"page","link":"https:\/\/ertha.cz\/gb\/obchod\/","title":{"rendered":"Obchod"},"content":{"rendered":"\n<p>Budeme r\u00e1di, pokud se rozhodnete podpo\u0159it n\u00e1s zakoupen\u00edm kapeln\u00edho merche. Hudba v elektronick\u00e9 podob\u011b se d\u00e1 sehnat ve v\u011bt\u0161in\u011b obvykl\u00fdch obchod\u016f, jako je Bandcamp, Amazon, iTunes apod. Pokud m\u00e1te z\u00e1jem sp\u00ed\u0161 o n\u011bco hmatateln\u00e9ho, m\u016f\u017eete si vybrat p\u0159\u00edmo zde a svoji objedn\u00e1vku n\u00e1m poslat na shop@ertha.cz. N\u00e1sledn\u011b se domluv\u00edme na zp\u016fsobu platby a p\u0159ed\u00e1n\u00ed.<\/p>\n\n\n\n<div style=\"height:40px\" aria-hidden=\"true\" class=\"wp-block-spacer\"><\/div>\n\n\n\n<hr class=\"wp-block-separator has-css-opacity\"\/>\n\n\n\n<div class=\"wp-block-columns has-3-columns is-layout-flex wp-container-core-columns-layout-1 wp-block-columns-is-layout-flex\">\n<div class=\"wp-block-column is-layout-flow wp-block-column-is-layout-flow\">\n<p class=\"has-text-align-center has-very-light-gray-background-color has-background\"><img loading=\"lazy\" decoding=\"async\" width=\"1330\" height=\"1000\" class=\"wp-image-1357\" style=\"width: 220px;\" src=\"https:\/\/ertha.cz\/wp-content\/uploads\/2023\/11\/Trika.jpg\" alt=\"\" srcset=\"https:\/\/ertha.cz\/wp-content\/uploads\/2023\/11\/Trika.jpg 1330w, https:\/\/ertha.cz\/wp-content\/uploads\/2023\/11\/Trika-300x226.jpg 300w, https:\/\/ertha.cz\/wp-content\/uploads\/2023\/11\/Trika-1024x770.jpg 1024w, https:\/\/ertha.cz\/wp-content\/uploads\/2023\/11\/Trika-768x577.jpg 768w, https:\/\/ertha.cz\/wp-content\/uploads\/2023\/11\/Trika-678x509.jpg 678w, https:\/\/ertha.cz\/wp-content\/uploads\/2023\/11\/Trika-326x245.jpg 326w, https:\/\/ertha.cz\/wp-content\/uploads\/2023\/11\/Trika-80x60.jpg 80w\" sizes=\"(max-width: 1330px) 100vw, 1330px\" \/> <\/p>\n<\/div>\n\n\n\n<div class=\"wp-block-column is-layout-flow wp-block-column-is-layout-flow\">\n<p class=\"has-text-align-center has-very-light-gray-background-color has-background\"><img loading=\"lazy\" decoding=\"async\" width=\"1009\" height=\"1009\" class=\"wp-image-1358\" style=\"width: 200px;\" src=\"https:\/\/ertha.cz\/wp-content\/uploads\/2023\/11\/Placky-3-closeup.jpg\" alt=\"\" srcset=\"https:\/\/ertha.cz\/wp-content\/uploads\/2023\/11\/Placky-3-closeup.jpg 1009w, https:\/\/ertha.cz\/wp-content\/uploads\/2023\/11\/Placky-3-closeup-300x300.jpg 300w, https:\/\/ertha.cz\/wp-content\/uploads\/2023\/11\/Placky-3-closeup-150x150.jpg 150w, https:\/\/ertha.cz\/wp-content\/uploads\/2023\/11\/Placky-3-closeup-768x768.jpg 768w\" sizes=\"(max-width: 1009px) 100vw, 1009px\" \/><\/p>\n<\/div>\n\n\n\n<div class=\"wp-block-column is-layout-flow wp-block-column-is-layout-flow\">\n<p class=\"has-text-align-center has-very-light-gray-background-color has-background\"><img loading=\"lazy\" decoding=\"async\" width=\"1009\" height=\"1009\" class=\"wp-image-1358\" style=\"width: 200px;\" src=\"https:\/\/ertha.cz\/wp-content\/uploads\/2023\/11\/Placky-3-closeup.jpg\" alt=\"\" srcset=\"https:\/\/ertha.cz\/wp-content\/uploads\/2023\/11\/Placky-3-closeup.jpg 1009w, https:\/\/ertha.cz\/wp-content\/uploads\/2023\/11\/Placky-3-closeup-300x300.jpg 300w, https:\/\/ertha.cz\/wp-content\/uploads\/2023\/11\/Placky-3-closeup-150x150.jpg 150w, https:\/\/ertha.cz\/wp-content\/uploads\/2023\/11\/Placky-3-closeup-768x768.jpg 768w\" sizes=\"(max-width: 1009px) 100vw, 1009px\" \/><\/p>\n<\/div>\n<\/div>\n\n\n\n<div class=\"wp-block-columns has-3-columns is-layout-flex wp-container-core-columns-layout-2 wp-block-columns-is-layout-flex\">\n<div class=\"wp-block-column is-layout-flow wp-block-column-is-layout-flow\">\n<p class=\"has-text-align-center has-background\" style=\"background-color:#50080d;font-size:32px\"><color:maroon><strong>NOV\u00c9<\/strong><\/color:maroon><\/p>\n\n\n\n<h3 class=\"wp-block-heading has-text-align-center\">triko<\/h3>\n\n\n\n<p class=\"has-text-align-center\">\u010dern\u00e9\/b\u00edl\u00e9, motiv Pilgrim<\/p>\n\n\n\n<p class=\"has-text-align-center\">bli\u017e\u0161\u00ed info <a href=\"https:\/\/ertha.cz\/trika-pilgrim\/\" data-type=\"page\" data-id=\"1360\">zde<\/a><\/p>\n\n\n\n<h3 class=\"wp-block-heading has-text-align-center\">350 K\u010d<\/h3>\n<\/div>\n\n\n\n<div class=\"wp-block-column is-layout-flow wp-block-column-is-layout-flow\">\n<p class=\"has-text-align-center has-background\" style=\"background-color:#50080d;font-size:32px\"><strong>NOV\u00c9<\/strong><\/p>\n\n\n\n<h3 class=\"wp-block-heading has-text-align-center\">magnetky<\/h3>\n\n\n\n<p class=\"has-text-align-center\">motiv And the Stars Went Out<\/p>\n\n\n\n<p class=\"has-text-align-center\">pr\u016fm\u011br 37mm<\/p>\n\n\n\n<h3 class=\"wp-block-heading has-text-align-center\">35 K\u010d<\/h3>\n<\/div>\n\n\n\n<div class=\"wp-block-column is-layout-flow wp-block-column-is-layout-flow\">\n<p class=\"has-text-align-center has-background\" style=\"background-color:#50080d;font-size:32px\"><strong>NOV\u00c9<\/strong><\/p>\n\n\n\n<h3 class=\"wp-block-heading has-text-align-center\">placky<\/h3>\n\n\n\n<p class=\"has-text-align-center\">motiv And the Stars Went Out<\/p>\n\n\n\n<p class=\"has-text-align-center\">pr\u016fm\u011br 37mm<\/p>\n\n\n\n<h3 class=\"wp-block-heading has-text-align-center\">35 K\u010d<\/h3>\n<\/div>\n<\/div>\n\n\n\n<div class=\"wp-block-columns has-3-columns is-layout-flex wp-container-core-columns-layout-3 wp-block-columns-is-layout-flex\">\n<div class=\"wp-block-column is-layout-flow wp-block-column-is-layout-flow\">\n<p class=\"has-text-align-center has-very-light-gray-background-color has-background\"><img loading=\"lazy\" decoding=\"async\" width=\"1500\" height=\"1500\" class=\"wp-image-1077\" style=\"width: 200px;\" src=\"https:\/\/ertha.cz\/wp-content\/uploads\/2021\/09\/Cover_front_small.jpg\" alt=\"\" srcset=\"https:\/\/ertha.cz\/wp-content\/uploads\/2021\/09\/Cover_front_small.jpg 1500w, https:\/\/ertha.cz\/wp-content\/uploads\/2021\/09\/Cover_front_small-150x150.jpg 150w, https:\/\/ertha.cz\/wp-content\/uploads\/2021\/09\/Cover_front_small-300x300.jpg 300w, https:\/\/ertha.cz\/wp-content\/uploads\/2021\/09\/Cover_front_small-768x768.jpg 768w, https:\/\/ertha.cz\/wp-content\/uploads\/2021\/09\/Cover_front_small-1024x1024.jpg 1024w\" sizes=\"(max-width: 1500px) 100vw, 1500px\" \/> <\/p>\n<\/div>\n\n\n\n<div class=\"wp-block-column is-layout-flow wp-block-column-is-layout-flow\">\n<p class=\"has-text-align-center has-very-light-gray-background-color has-background\"><img loading=\"lazy\" decoding=\"async\" width=\"510\" height=\"510\" class=\"wp-image-1190\" style=\"width: 200px;\" src=\"https:\/\/ertha.cz\/wp-content\/uploads\/2021\/11\/Placky-1-closeup.jpg\" alt=\"\" srcset=\"https:\/\/ertha.cz\/wp-content\/uploads\/2021\/11\/Placky-1-closeup.jpg 510w, https:\/\/ertha.cz\/wp-content\/uploads\/2021\/11\/Placky-1-closeup-150x150.jpg 150w, https:\/\/ertha.cz\/wp-content\/uploads\/2021\/11\/Placky-1-closeup-300x300.jpg 300w\" sizes=\"(max-width: 510px) 100vw, 510px\" \/><\/p>\n<\/div>\n\n\n\n<div class=\"wp-block-column is-layout-flow wp-block-column-is-layout-flow\">\n<p class=\"has-text-align-center has-very-light-gray-background-color has-background\"><img loading=\"lazy\" decoding=\"async\" width=\"510\" height=\"510\" class=\"wp-image-1191\" style=\"width: 200px;\" src=\"https:\/\/ertha.cz\/wp-content\/uploads\/2021\/11\/Placky-2-closeup.jpg\" alt=\"\" srcset=\"https:\/\/ertha.cz\/wp-content\/uploads\/2021\/11\/Placky-2-closeup.jpg 510w, https:\/\/ertha.cz\/wp-content\/uploads\/2021\/11\/Placky-2-closeup-150x150.jpg 150w, https:\/\/ertha.cz\/wp-content\/uploads\/2021\/11\/Placky-2-closeup-300x300.jpg 300w\" sizes=\"(max-width: 510px) 100vw, 510px\" \/><\/p>\n<\/div>\n<\/div>\n\n\n\n<div class=\"wp-block-columns has-3-columns is-layout-flex wp-container-core-columns-layout-4 wp-block-columns-is-layout-flex\">\n<div class=\"wp-block-column is-layout-flow wp-block-column-is-layout-flow\">\n<h3 class=\"wp-block-heading has-text-align-center\">CD (jewel case)<\/h3>\n\n\n\n<h4 class=\"wp-block-heading has-text-align-center\">And the Stars Went Out<\/h4>\n\n\n\n<p class=\"has-text-align-center\">bli\u017e\u0161\u00ed info <a href=\"https:\/\/ertha.cz\/diskografie\/\">zde<\/a><\/p>\n\n\n\n<h3 class=\"wp-block-heading has-text-align-center\">250 K\u010d<\/h3>\n<\/div>\n\n\n\n<div class=\"wp-block-column is-layout-flow wp-block-column-is-layout-flow\">\n<h3 class=\"wp-block-heading has-text-align-center\">placky<\/h3>\n\n\n\n<p class=\"has-text-align-center\">\u010dern\u00e9 logo na sv\u011btl\u00e9m pozad\u00ed<\/p>\n\n\n\n<p class=\"has-text-align-center\">pr\u016fm\u011br 25mm<\/p>\n\n\n\n<h3 class=\"wp-block-heading has-text-align-center\">25 K\u010d<\/h3>\n<\/div>\n\n\n\n<div class=\"wp-block-column is-layout-flow wp-block-column-is-layout-flow\">\n<h3 class=\"wp-block-heading has-text-align-center\">placky<\/h3>\n\n\n\n<p class=\"has-text-align-center\">motiv Demo EP<\/p>\n\n\n\n<p class=\"has-text-align-center\">pr\u016fm\u011br 25mm<\/p>\n\n\n\n<h3 class=\"wp-block-heading has-text-align-center\">25 K\u010d<\/h3>\n<\/div>\n<\/div>\n","protected":false},"excerpt":{"rendered":"<div class=\"mh-excerpt\"><p>Budeme r\u00e1di, pokud se rozhodnete podpo\u0159it n\u00e1s zakoupen\u00edm kapeln\u00edho merche. Hudba v elektronick\u00e9 podob\u011b se d\u00e1 sehnat ve v\u011bt\u0161in\u011b obvykl\u00fdch obchod\u016f, jako je Bandcamp, Amazon, <a class=\"mh-excerpt-more\" href=\"https:\/\/ertha.cz\/gb\/obchod\/\" title=\"Obchod\">[&#8230;]<\/a><\/p>\n<\/div>","protected":false},"author":3,"featured_media":0,"parent":0,"menu_order":0,"comment_status":"closed","ping_status":"closed","template":"template-full.php","meta":{"footnotes":""},"translation":{"provider":"WPGlobus","version":"2.12.2","language":"gb","enabled_languages":["cz","gb"],"languages":{"cz":{"title":true,"content":true,"excerpt":false},"gb":{"title":false,"content":false,"excerpt":false}}},"_links":{"self":[{"href":"https:\/\/ertha.cz\/gb\/wp-json\/wp\/v2\/pages\/1135"}],"collection":[{"href":"https:\/\/ertha.cz\/gb\/wp-json\/wp\/v2\/pages"}],"about":[{"href":"https:\/\/ertha.cz\/gb\/wp-json\/wp\/v2\/types\/page"}],"author":[{"embeddable":true,"href":"https:\/\/ertha.cz\/gb\/wp-json\/wp\/v2\/users\/3"}],"replies":[{"embeddable":true,"href":"https:\/\/ertha.cz\/gb\/wp-json\/wp\/v2\/comments?post=1135"}],"version-history":[{"count":30,"href":"https:\/\/ertha.cz\/gb\/wp-json\/wp\/v2\/pages\/1135\/revisions"}],"predecessor-version":[{"id":1382,"href":"https:\/\/ertha.cz\/gb\/wp-json\/wp\/v2\/pages\/1135\/revisions\/1382"}],"wp:attachment":[{"href":"https:\/\/ertha.cz\/gb\/wp-json\/wp\/v2\/media?parent=1135"}],"curies":[{"name":"wp","href":"https:\/\/api.w.org\/{rel}","templated":true}]}}