{"id":1088,"date":"2022-01-22T23:19:31","date_gmt":"2022-01-22T22:19:31","guid":{"rendered":"https:\/\/ertha.cz\/?page_id=1088"},"modified":"2022-01-22T23:19:32","modified_gmt":"2022-01-22T22:19:32","slug":"skymningen","status":"publish","type":"page","link":"https:\/\/ertha.cz\/gb\/skymningen\/","title":{"rendered":"Skymningen"},"content":{"rendered":"\n<p>Hudba: Ereis 2020<br>Text: Eyrah 2020<br>Vyd\u00e1no v roce 2021 na albu And the Stars Went Out.<br>P\u0159ed-p\u0159edehra ke skladb\u011b Where the Wolves Are. Tenhle kousek le\u017eel pod n\u00e1zvem Soumrak n\u011bjak\u00fdch 8 let nedopsan\u00fd v \u0161upl\u00edku. Vyzna\u010duje se mimo jin\u00e9 t\u00edm, \u017ee nem\u00e1 \u017e\u00e1dn\u00e9 dan\u00e9 tempo, ale hraje se &#8220;podle citu&#8221;. My\u0161leno podle Ereis\u010dina citu, pochopiteln\u011b. Proto je taky mezi ostatn\u00edmi \u010dleny velice obl\u00edben\u00fd.<\/p>\n\n\n\n<hr class=\"wp-block-separator\"\/>\n\n\n\n<div style=\"height:40px\" aria-hidden=\"true\" class=\"wp-block-spacer\"><\/div>\n\n\n\n<h4 class=\"wp-block-heading\">Text:<\/h4>\n\n\n\n<p>Solen g\u00e5r ner,<br>m\u00e5nen gnistrar fr\u00e5n himmelen&#8230;<br>M\u00f6rkret kommer&#8230;<\/p>\n\n\n\n<div style=\"height:20px\" aria-hidden=\"true\" class=\"wp-block-spacer\"><\/div>\n\n\n\n<p><a href=\"https:\/\/ertha.cz\/hudba\/\" data-type=\"link\" data-id=\"https:\/\/ertha.cz\/hudba\/\">zp\u011bt<\/a><\/p>\n","protected":false},"excerpt":{"rendered":"<div class=\"mh-excerpt\"><p>Hudba: Ereis 2020Text: Eyrah 2020Vyd\u00e1no v roce 2021 na albu And the Stars Went Out.P\u0159ed-p\u0159edehra ke skladb\u011b Where the Wolves Are. Tenhle kousek le\u017eel pod <a class=\"mh-excerpt-more\" href=\"https:\/\/ertha.cz\/gb\/skymningen\/\" title=\"Skymningen\">[&#8230;]<\/a><\/p>\n<\/div>","protected":false},"author":3,"featured_media":0,"parent":0,"menu_order":0,"comment_status":"closed","ping_status":"closed","template":"","meta":{"footnotes":""},"translation":{"provider":"WPGlobus","version":"2.12.2","language":"gb","enabled_languages":["cz","gb"],"languages":{"cz":{"title":true,"content":true,"excerpt":false},"gb":{"title":false,"content":false,"excerpt":false}}},"_links":{"self":[{"href":"https:\/\/ertha.cz\/gb\/wp-json\/wp\/v2\/pages\/1088"}],"collection":[{"href":"https:\/\/ertha.cz\/gb\/wp-json\/wp\/v2\/pages"}],"about":[{"href":"https:\/\/ertha.cz\/gb\/wp-json\/wp\/v2\/types\/page"}],"author":[{"embeddable":true,"href":"https:\/\/ertha.cz\/gb\/wp-json\/wp\/v2\/users\/3"}],"replies":[{"embeddable":true,"href":"https:\/\/ertha.cz\/gb\/wp-json\/wp\/v2\/comments?post=1088"}],"version-history":[{"count":3,"href":"https:\/\/ertha.cz\/gb\/wp-json\/wp\/v2\/pages\/1088\/revisions"}],"predecessor-version":[{"id":1243,"href":"https:\/\/ertha.cz\/gb\/wp-json\/wp\/v2\/pages\/1088\/revisions\/1243"}],"wp:attachment":[{"href":"https:\/\/ertha.cz\/gb\/wp-json\/wp\/v2\/media?parent=1088"}],"curies":[{"name":"wp","href":"https:\/\/api.w.org\/{rel}","templated":true}]}}